{"id":987467800,"date":"2021-03-26T06:57:16","date_gmt":"2021-03-26T06:57:16","guid":{"rendered":"https:\/\/bajotierra.com.mx\/bt\/?page_id=987467800"},"modified":"2025-06-03T19:22:33","modified_gmt":"2025-06-03T19:22:33","slug":"agua-y-clima-2","status":"publish","type":"page","link":"https:\/\/bajotierra.com.mx\/bt\/agua-y-clima-2\/","title":{"rendered":"agua y clima"},"content":{"rendered":"<p>[et_pb_section fb_built=\u00bb1&#8243; _builder_version=\u00bb4.9.1&#8243; _module_preset=\u00bbdefault\u00bb custom_margin=\u00bb||-33px|||\u00bb custom_padding=\u00bb||0px|||\u00bb][et_pb_row _builder_version=\u00bb4.9.1&#8243; _module_preset=\u00bbdefault\u00bb][et_pb_column type=\u00bb4_4&#8243; _builder_version=\u00bb4.9.1&#8243; _module_preset=\u00bbdefault\u00bb][et_pb_text _builder_version=\u00bb4.9.1&#8243; _module_preset=\u00bbdefault\u00bb text_font_size=\u00bb19px\u00bb header_text_align=\u00bbcenter\u00bb header_font_size=\u00bb41px\u00bb vertical_offset_tablet=\u00bb0&#8243; horizontal_offset_tablet=\u00bb0&#8243; custom_margin=\u00bb||38px|||\u00bb z_index_tablet=\u00bb0&#8243; text_text_shadow_horizontal_length_tablet=\u00bb0px\u00bb text_text_shadow_vertical_length_tablet=\u00bb0px\u00bb text_text_shadow_blur_strength_tablet=\u00bb1px\u00bb link_text_shadow_horizontal_length_tablet=\u00bb0px\u00bb link_text_shadow_vertical_length_tablet=\u00bb0px\u00bb link_text_shadow_blur_strength_tablet=\u00bb1px\u00bb ul_text_shadow_horizontal_length_tablet=\u00bb0px\u00bb ul_text_shadow_vertical_length_tablet=\u00bb0px\u00bb ul_text_shadow_blur_strength_tablet=\u00bb1px\u00bb ol_text_shadow_horizontal_length_tablet=\u00bb0px\u00bb ol_text_shadow_vertical_length_tablet=\u00bb0px\u00bb ol_text_shadow_blur_strength_tablet=\u00bb1px\u00bb quote_text_shadow_horizontal_length_tablet=\u00bb0px\u00bb quote_text_shadow_vertical_length_tablet=\u00bb0px\u00bb quote_text_shadow_blur_strength_tablet=\u00bb1px\u00bb header_text_shadow_horizontal_length_tablet=\u00bb0px\u00bb header_text_shadow_vertical_length_tablet=\u00bb0px\u00bb header_text_shadow_blur_strength_tablet=\u00bb1px\u00bb header_2_text_shadow_horizontal_length_tablet=\u00bb0px\u00bb header_2_text_shadow_vertical_length_tablet=\u00bb0px\u00bb header_2_text_shadow_blur_strength_tablet=\u00bb1px\u00bb header_3_text_shadow_horizontal_length_tablet=\u00bb0px\u00bb header_3_text_shadow_vertical_length_tablet=\u00bb0px\u00bb header_3_text_shadow_blur_strength_tablet=\u00bb1px\u00bb header_4_text_shadow_horizontal_length_tablet=\u00bb0px\u00bb header_4_text_shadow_vertical_length_tablet=\u00bb0px\u00bb header_4_text_shadow_blur_strength_tablet=\u00bb1px\u00bb header_5_text_shadow_horizontal_length_tablet=\u00bb0px\u00bb header_5_text_shadow_vertical_length_tablet=\u00bb0px\u00bb header_5_text_shadow_blur_strength_tablet=\u00bb1px\u00bb header_6_text_shadow_horizontal_length_tablet=\u00bb0px\u00bb header_6_text_shadow_vertical_length_tablet=\u00bb0px\u00bb header_6_text_shadow_blur_strength_tablet=\u00bb1px\u00bb box_shadow_horizontal_tablet=\u00bb0px\u00bb box_shadow_vertical_tablet=\u00bb0px\u00bb box_shadow_blur_tablet=\u00bb40px\u00bb box_shadow_spread_tablet=\u00bb0px\u00bb]<\/p>\n<h1 style=\"text-align: center;\"><strong><span style=\"color: #3e7c73;\">\u00bfPor qu\u00e9 agua y clima?\u00a0<\/span><\/strong><\/h1>\n<p>[\/et_pb_text][et_pb_text _builder_version=\u00bb4.9.1&#8243; _module_preset=\u00bbdefault\u00bb header_3_font=\u00bbCatamaran||||||||\u00bb header_3_text_align=\u00bbjustify\u00bb header_3_letter_spacing=\u00bb1px\u00bb header_3_line_height=\u00bb1.3em\u00bb]<\/p>\n<h3>El manejo del agua atraviesa todos los procesos urbanos y entramados ecosist\u00e9micos. La crisis del clima es en el fondo una <strong><span style=\"color: #3e7c73;\">crisis del agua<\/span><\/strong> que se ocasiona en alteraciones de su ciclo y se manifiesta en fen\u00f3menos hidro meteorol\u00f3gicos. El manejo del agua impacta desde la generaci\u00f3n de energ\u00eda hasta la p\u00e9rdida de ecosistemas terrestres o acu\u00e1ticos, as\u00ed como de soberan\u00eda alimentaria o desertificaci\u00f3n del suelo. La dimensi\u00f3n vital y simb\u00f3lica del agua est\u00e1, adem\u00e1s, en el coraz\u00f3n de la convivencia humana.<\/h3>\n<p>[\/et_pb_text][et_pb_image src=\u00bbhttps:\/\/bajotierra.com.mx\/bt\/wp-content\/uploads\/2021\/03\/2.1.jpg\u00bb title_text=\u00bb2.1&#8243; align=\u00bbcenter\u00bb disabled_on=\u00bbon|off|off\u00bb _builder_version=\u00bb4.9.1&#8243; _module_preset=\u00bbdefault\u00bb custom_margin=\u00bb|-49px||||\u00bb]<br \/>\n[\/et_pb_image][\/et_pb_column][\/et_pb_row][\/et_pb_section][et_pb_section fb_built=\u00bb1&#8243; _builder_version=\u00bb4.9.1&#8243; _module_preset=\u00bbdefault\u00bb][et_pb_row _builder_version=\u00bb4.9.1&#8243; _module_preset=\u00bbdefault\u00bb][et_pb_column type=\u00bb4_4&#8243; _builder_version=\u00bb4.9.1&#8243; _module_preset=\u00bbdefault\u00bb][et_pb_text _builder_version=\u00bb4.9.1&#8243; _module_preset=\u00bbdefault\u00bb header_2_font=\u00bbCatamaran||||||||\u00bb header_2_text_align=\u00bbleft\u00bb header_2_font_size=\u00bb30px\u00bb custom_padding=\u00bb||0px|||\u00bb]<\/p>\n<h2><strong><span style=\"color: #73b3a8;\">\u00bfQu\u00e9 es la agenda del agua y clima?<\/span><\/strong><\/h2>\n<p>[\/et_pb_text][et_pb_text _builder_version=\u00bb4.9.1&#8243; _module_preset=\u00bbdefault\u00bb header_font_size=\u00bb7px\u00bb header_3_font=\u00bbCatamaran||||||||\u00bb header_3_text_align=\u00bbjustify\u00bb header_3_letter_spacing=\u00bb1px\u00bb header_3_line_height=\u00bb1.3em\u00bb vertical_offset_tablet=\u00bb0&#8243; horizontal_offset_tablet=\u00bb0&#8243; min_height=\u00bb53.2px\u00bb custom_margin=\u00bb-33px||15px|||\u00bb custom_padding=\u00bb10px||0px|||\u00bb z_index_tablet=\u00bb0&#8243; text_text_shadow_horizontal_length_tablet=\u00bb0px\u00bb text_text_shadow_vertical_length_tablet=\u00bb0px\u00bb text_text_shadow_blur_strength_tablet=\u00bb1px\u00bb link_text_shadow_horizontal_length_tablet=\u00bb0px\u00bb link_text_shadow_vertical_length_tablet=\u00bb0px\u00bb link_text_shadow_blur_strength_tablet=\u00bb1px\u00bb ul_text_shadow_horizontal_length_tablet=\u00bb0px\u00bb ul_text_shadow_vertical_length_tablet=\u00bb0px\u00bb ul_text_shadow_blur_strength_tablet=\u00bb1px\u00bb ol_text_shadow_horizontal_length_tablet=\u00bb0px\u00bb ol_text_shadow_vertical_length_tablet=\u00bb0px\u00bb ol_text_shadow_blur_strength_tablet=\u00bb1px\u00bb quote_text_shadow_horizontal_length_tablet=\u00bb0px\u00bb quote_text_shadow_vertical_length_tablet=\u00bb0px\u00bb quote_text_shadow_blur_strength_tablet=\u00bb1px\u00bb header_text_shadow_horizontal_length_tablet=\u00bb0px\u00bb header_text_shadow_vertical_length_tablet=\u00bb0px\u00bb header_text_shadow_blur_strength_tablet=\u00bb1px\u00bb header_2_text_shadow_horizontal_length_tablet=\u00bb0px\u00bb header_2_text_shadow_vertical_length_tablet=\u00bb0px\u00bb header_2_text_shadow_blur_strength_tablet=\u00bb1px\u00bb header_3_text_shadow_horizontal_length_tablet=\u00bb0px\u00bb header_3_text_shadow_vertical_length_tablet=\u00bb0px\u00bb header_3_text_shadow_blur_strength_tablet=\u00bb1px\u00bb header_4_text_shadow_horizontal_length_tablet=\u00bb0px\u00bb header_4_text_shadow_vertical_length_tablet=\u00bb0px\u00bb header_4_text_shadow_blur_strength_tablet=\u00bb1px\u00bb header_5_text_shadow_horizontal_length_tablet=\u00bb0px\u00bb header_5_text_shadow_vertical_length_tablet=\u00bb0px\u00bb header_5_text_shadow_blur_strength_tablet=\u00bb1px\u00bb header_6_text_shadow_horizontal_length_tablet=\u00bb0px\u00bb header_6_text_shadow_vertical_length_tablet=\u00bb0px\u00bb header_6_text_shadow_blur_strength_tablet=\u00bb1px\u00bb box_shadow_horizontal_tablet=\u00bb0px\u00bb box_shadow_vertical_tablet=\u00bb0px\u00bb box_shadow_blur_tablet=\u00bb40px\u00bb box_shadow_spread_tablet=\u00bb0px\u00bb saved_tabs=\u00bball\u00bb]<\/p>\n<h3>Es un acuerdo anual entre 40 organizaciones y colectivos de Quer\u00e9taro para articular sus acciones frente a la Emergencia Clim\u00e1tica bajo estrategias con ejes tem\u00e1ticos y l\u00edneas operativas basadas en el territorio y sus relaciones.<\/h3>\n<p>[\/et_pb_text][et_pb_button button_url=\u00bbhttps:\/\/bajotierra.com.mx\/bt\/wp-content\/uploads\/2021\/04\/Agenda-publica.pdf\u00bb url_new_window=\u00bbon\u00bb button_text=\u00bbConoce la agenda\u00bb button_alignment=\u00bbleft\u00bb _builder_version=\u00bb4.9.1&#8243; _module_preset=\u00bbdefault\u00bb custom_button=\u00bbon\u00bb button_text_size=\u00bb21px\u00bb button_text_color=\u00bb#FFFFFF\u00bb button_bg_color=\u00bb#06949b\u00bb button_border_width=\u00bb0px\u00bb button_border_radius=\u00bb11px\u00bb button_icon=\u00bb%%36%%\u00bb button_text_shadow_style=\u00bbpreset1&#8243; box_shadow_style=\u00bbpreset2&#8243;]<br \/>\n[\/et_pb_button][\/et_pb_column][\/et_pb_row][\/et_pb_section][et_pb_section fb_built=\u00bb1&#8243; _builder_version=\u00bb4.9.1&#8243; _module_preset=\u00bbdefault\u00bb][et_pb_row _builder_version=\u00bb4.9.1&#8243; _module_preset=\u00bbdefault\u00bb][et_pb_column type=\u00bb4_4&#8243; _builder_version=\u00bb4.9.1&#8243; _module_preset=\u00bbdefault\u00bb][et_pb_text _builder_version=\u00bb4.9.1&#8243; _module_preset=\u00bbdefault\u00bb header_2_font=\u00bbCatamaran||||||||\u00bb header_2_text_align=\u00bbleft\u00bb header_2_font_size=\u00bb30px\u00bb custom_padding=\u00bb0px||0px|||\u00bb]<\/p>\n<h2><strong><span style=\"color: #73b3a8;\">Descarga aqu\u00ed el newsletter \u00abArticulemos\u00bb:<\/span><\/strong><\/h2>\n<p>[\/et_pb_text][et_pb_text _builder_version=\u00bb4.9.1&#8243; _module_preset=\u00bbdefault\u00bb text_text_color=\u00bbrgba(0,0,0,0.65)\u00bb header_text_color=\u00bbRGBA(0,0,0,0)\u00bb header_3_text_color=\u00bb#3e7c73&#8243; custom_margin=\u00bb-5px||-5px||true|false\u00bb link_option_url=\u00bbhttps:\/\/bajotierra.com.mx\/bt\/wp-content\/uploads\/2021\/03\/Newsletter_enero-1.pdf\u00bb link_option_url_new_window=\u00bbon\u00bb]<\/p>\n<ul>\n<li>\n<h3><strong>Enero<\/strong><\/h3>\n<\/li>\n<\/ul>\n<p>[\/et_pb_text][et_pb_text _builder_version=\u00bb4.9.1&#8243; _module_preset=\u00bbdefault\u00bb text_text_color=\u00bbrgba(0,0,0,0.65)\u00bb header_text_color=\u00bbRGBA(0,0,0,0)\u00bb header_3_text_color=\u00bb#3e7c73&#8243; custom_margin=\u00bb-5px||-5px||true|false\u00bb link_option_url=\u00bbhttps:\/\/bajotierra.com.mx\/bt\/wp-content\/uploads\/2021\/03\/Newsletter_febrero-1.pdf\u00bb link_option_url_new_window=\u00bbon\u00bb]<\/p>\n<ul>\n<li>\n<h3><strong>Febrero<\/strong><\/h3>\n<\/li>\n<\/ul>\n<p>[\/et_pb_text][et_pb_text _builder_version=\u00bb4.9.1&#8243; _module_preset=\u00bbdefault\u00bb text_text_color=\u00bbrgba(0,0,0,0.65)\u00bb header_text_color=\u00bbRGBA(0,0,0,0)\u00bb header_3_text_color=\u00bb#3e7c73&#8243; custom_margin=\u00bb-5px||-5px||true|false\u00bb link_option_url=\u00bbhttps:\/\/bajotierra.com.mx\/bt\/wp-content\/uploads\/2021\/03\/Newsletter_marzo-1.pdf\u00bb link_option_url_new_window=\u00bbon\u00bb]<\/p>\n<ul>\n<li>\n<h3><strong>Marzo<\/strong><\/h3>\n<\/li>\n<\/ul>\n<p>[\/et_pb_text][et_pb_text _builder_version=\u00bb4.9.1&#8243; _module_preset=\u00bbdefault\u00bb text_text_color=\u00bbrgba(0,0,0,0.65)\u00bb header_text_color=\u00bbRGBA(0,0,0,0)\u00bb header_3_text_color=\u00bb#3e7c73&#8243; custom_margin=\u00bb-5px||-5px||true|false\u00bb link_option_url=\u00bbhttps:\/\/bajotierra.com.mx\/bt\/wp-content\/uploads\/2021\/04\/Newsletter_Abril.pdf\u00bb link_option_url_new_window=\u00bbon\u00bb]<\/p>\n<ul>\n<li>\n<h3><strong>Abril<\/strong><\/h3>\n<\/li>\n<\/ul>\n<p>[\/et_pb_text][et_pb_text _builder_version=\u00bb4.9.1&#8243; _module_preset=\u00bbdefault\u00bb text_text_color=\u00bbrgba(0,0,0,0.65)\u00bb header_text_color=\u00bbRGBA(0,0,0,0)\u00bb header_3_text_color=\u00bb#3e7c73&#8243; custom_margin=\u00bb-5px||-5px||true|false\u00bb link_option_url=\u00bbhttps:\/\/bajotierra.com.mx\/bt\/wp-content\/uploads\/2021\/05\/Newsletter_mayo.pdf\u00bb link_option_url_new_window=\u00bbon\u00bb]<\/p>\n<ul>\n<li>\n<h3><strong>Mayo<\/strong><\/h3>\n<\/li>\n<\/ul>\n<p>[\/et_pb_text][et_pb_text _builder_version=\u00bb4.9.1&#8243; _module_preset=\u00bbdefault\u00bb text_text_color=\u00bbrgba(0,0,0,0.65)\u00bb header_text_color=\u00bbRGBA(0,0,0,0)\u00bb header_3_text_color=\u00bb#3e7c73&#8243; custom_margin=\u00bb-5px||-5px||true|false\u00bb link_option_url=\u00bbhttps:\/\/bajotierra.com.mx\/bt\/wp-content\/uploads\/2021\/06\/Newsletter_Junio.pdf\u00bb link_option_url_new_window=\u00bbon\u00bb]<\/p>\n<ul>\n<li>\n<h3><strong>Junio<\/strong><\/h3>\n<\/li>\n<\/ul>\n<p>[\/et_pb_text][et_pb_text _builder_version=\u00bb4.9.1&#8243; _module_preset=\u00bbdefault\u00bb text_text_color=\u00bbrgba(0,0,0,0.65)\u00bb header_text_color=\u00bbRGBA(0,0,0,0)\u00bb header_3_text_color=\u00bb#3e7c73&#8243; custom_margin=\u00bb-5px||-5px||true|false\u00bb link_option_url=\u00bbhttps:\/\/bajotierra.com.mx\/bt\/wp-content\/uploads\/2021\/07\/NewsletterJulio.pdf\u00bb link_option_url_new_window=\u00bbon\u00bb]<\/p>\n<ul>\n<li>\n<h3><strong>Julio<\/strong><\/h3>\n<\/li>\n<\/ul>\n<p>[\/et_pb_text][et_pb_text _builder_version=\u00bb4.9.1&#8243; _module_preset=\u00bbdefault\u00bb text_text_color=\u00bbrgba(0,0,0,0.65)\u00bb header_text_color=\u00bbRGBA(0,0,0,0)\u00bb header_3_text_color=\u00bb#3e7c73&#8243; custom_margin=\u00bb-5px||-5px||true|false\u00bb link_option_url=\u00bbhttps:\/\/bajotierra.com.mx\/bt\/wp-content\/uploads\/2021\/08\/Newsletter_agosto.pdf\u00bb link_option_url_new_window=\u00bbon\u00bb]<\/p>\n<ul>\n<li>\n<h3><strong>Agosto<\/strong><\/h3>\n<\/li>\n<\/ul>\n<p>[\/et_pb_text][et_pb_text _builder_version=\u00bb4.9.1&#8243; _module_preset=\u00bbdefault\u00bb text_text_color=\u00bbrgba(0,0,0,0.65)\u00bb header_text_color=\u00bbRGBA(0,0,0,0)\u00bb header_3_text_color=\u00bb#3e7c73&#8243; custom_margin=\u00bb-5px||-5px||true|false\u00bb link_option_url=\u00bbhttps:\/\/bajotierra.com.mx\/bt\/wp-content\/uploads\/2021\/09\/Newsletter_septiembre.pdf\u00bb link_option_url_new_window=\u00bbon\u00bb]<\/p>\n<ul>\n<li>\n<h3><strong>Septiembre<\/strong><\/h3>\n<\/li>\n<\/ul>\n<p>[\/et_pb_text][et_pb_text _builder_version=\u00bb4.9.1&#8243; _module_preset=\u00bbdefault\u00bb text_text_color=\u00bbrgba(0,0,0,0.65)\u00bb header_text_color=\u00bbRGBA(0,0,0,0)\u00bb header_3_text_color=\u00bb#3e7c73&#8243; custom_margin=\u00bb-5px||-5px||true|false\u00bb link_option_url=\u00bbhttps:\/\/bajotierra.com.mx\/bt\/wp-content\/uploads\/2021\/10\/Newsletter.pdf\u00bb link_option_url_new_window=\u00bbon\u00bb]<\/p>\n<ul>\n<li>\n<h3><strong>Octubre<\/strong><\/h3>\n<\/li>\n<\/ul>\n<p>[\/et_pb_text][et_pb_text _builder_version=\u00bb4.9.1&#8243; _module_preset=\u00bbdefault\u00bb text_text_color=\u00bbrgba(0,0,0,0.65)\u00bb header_text_color=\u00bbRGBA(0,0,0,0)\u00bb header_3_text_color=\u00bb#3e7c73&#8243; custom_margin=\u00bb-5px||-5px||true|false\u00bb link_option_url=\u00bbhttps:\/\/bajotierra.com.mx\/bt\/wp-content\/uploads\/2021\/11\/Newsletter_nov.pdf\u00bb link_option_url_new_window=\u00bbon\u00bb]<\/p>\n<ul>\n<li>\n<h3><strong>Noviembre<\/strong><\/h3>\n<\/li>\n<\/ul>\n<p>[\/et_pb_text][et_pb_text _builder_version=\u00bb4.9.1&#8243; _module_preset=\u00bbdefault\u00bb text_text_color=\u00bbrgba(0,0,0,0.65)\u00bb header_text_color=\u00bbRGBA(0,0,0,0)\u00bb header_3_text_color=\u00bb#3e7c73&#8243; custom_margin=\u00bb-5px||-5px||true|false\u00bb link_option_url=\u00bbhttps:\/\/bajotierra.com.mx\/bt\/wp-content\/uploads\/2021\/12\/Newsletter_dic.pdf\u00bb link_option_url_new_window=\u00bbon\u00bb]<\/p>\n<ul>\n<li>\n<h3><strong>Diciembre<\/strong><\/h3>\n<\/li>\n<\/ul>\n<p>[\/et_pb_text][\/et_pb_column][\/et_pb_row][et_pb_row _builder_version=\u00bb4.9.1&#8243; _module_preset=\u00bbdefault\u00bb][et_pb_column type=\u00bb4_4&#8243; _builder_version=\u00bb4.9.1&#8243; _module_preset=\u00bbdefault\u00bb][et_pb_text _builder_version=\u00bb4.9.1&#8243; _module_preset=\u00bbdefault\u00bb header_2_font=\u00bbCatamaran||||||||\u00bb header_2_text_align=\u00bbleft\u00bb header_2_font_size=\u00bb30px\u00bb custom_padding=\u00bb||0px|||\u00bb]<\/p>\n<h2><strong><span style=\"color: #73b3a8;\">Resultados 2021<\/span><\/strong><\/h2>\n<p>[\/et_pb_text][\/et_pb_column][\/et_pb_row][et_pb_row column_structure=\u00bb1_3,1_3,1_3&#8243; _builder_version=\u00bb4.9.1&#8243; _module_preset=\u00bbdefault\u00bb hover_enabled=\u00bb0&#8243; sticky_enabled=\u00bb0&#8243;][et_pb_column type=\u00bb1_3&#8243; _builder_version=\u00bb4.9.1&#8243; _module_preset=\u00bbdefault\u00bb][et_pb_video src=\u00bbhttps:\/\/youtu.be\/SCpuGDadTno\u00bb _builder_version=\u00bb4.9.1&#8243; _module_preset=\u00bbdefault\u00bb][\/et_pb_video][\/et_pb_column][et_pb_column type=\u00bb1_3&#8243; _builder_version=\u00bb4.9.1&#8243; _module_preset=\u00bbdefault\u00bb][et_pb_video src=\u00bbhttps:\/\/youtu.be\/3sCNxhPOJnk\u00bb _builder_version=\u00bb4.9.1&#8243; _module_preset=\u00bbdefault\u00bb][\/et_pb_video][\/et_pb_column][et_pb_column type=\u00bb1_3&#8243; _builder_version=\u00bb4.9.1&#8243; _module_preset=\u00bbdefault\u00bb][et_pb_video src=\u00bbhttps:\/\/youtu.be\/H-Oyp6ziqeE\u00bb _builder_version=\u00bb4.9.1&#8243; _module_preset=\u00bbdefault\u00bb hover_enabled=\u00bb0&#8243; sticky_enabled=\u00bb0&#8243;][\/et_pb_video][\/et_pb_column][\/et_pb_row][\/et_pb_section][et_pb_section fb_built=\u00bb1&#8243; _builder_version=\u00bb4.9.1&#8243; _module_preset=\u00bbdefault\u00bb][\/et_pb_section]<\/p>\n","protected":false},"excerpt":{"rendered":"<p>[et_pb_section fb_built=\u00bb1&#8243; _builder_version=\u00bb4.9.1&#8243; _module_preset=\u00bbdefault\u00bb custom_margin=\u00bb||-33px|||\u00bb custom_padding=\u00bb||0px|||\u00bb][et_pb_row _builder_version=\u00bb4.9.1&#8243; _module_preset=\u00bbdefault\u00bb][et_pb_column type=\u00bb4_4&#8243; _builder_version=\u00bb4.9.1&#8243; _module_preset=\u00bbdefault\u00bb][et_pb_text _builder_version=\u00bb4.9.1&#8243; _module_preset=\u00bbdefault\u00bb text_font_size=\u00bb19px\u00bb header_text_align=\u00bbcenter\u00bb header_font_size=\u00bb41px\u00bb vertical_offset_tablet=\u00bb0&#8243; horizontal_offset_tablet=\u00bb0&#8243; custom_margin=\u00bb||38px|||\u00bb z_index_tablet=\u00bb0&#8243; text_text_shadow_horizontal_length_tablet=\u00bb0px\u00bb text_text_shadow_vertical_length_tablet=\u00bb0px\u00bb text_text_shadow_blur_strength_tablet=\u00bb1px\u00bb link_text_shadow_horizontal_length_tablet=\u00bb0px\u00bb link_text_shadow_vertical_length_tablet=\u00bb0px\u00bb link_text_shadow_blur_strength_tablet=\u00bb1px\u00bb ul_text_shadow_horizontal_length_tablet=\u00bb0px\u00bb ul_text_shadow_vertical_length_tablet=\u00bb0px\u00bb ul_text_shadow_blur_strength_tablet=\u00bb1px\u00bb ol_text_shadow_horizontal_length_tablet=\u00bb0px\u00bb ol_text_shadow_vertical_length_tablet=\u00bb0px\u00bb ol_text_shadow_blur_strength_tablet=\u00bb1px\u00bb quote_text_shadow_horizontal_length_tablet=\u00bb0px\u00bb quote_text_shadow_vertical_length_tablet=\u00bb0px\u00bb quote_text_shadow_blur_strength_tablet=\u00bb1px\u00bb header_text_shadow_horizontal_length_tablet=\u00bb0px\u00bb header_text_shadow_vertical_length_tablet=\u00bb0px\u00bb header_text_shadow_blur_strength_tablet=\u00bb1px\u00bb header_2_text_shadow_horizontal_length_tablet=\u00bb0px\u00bb header_2_text_shadow_vertical_length_tablet=\u00bb0px\u00bb header_2_text_shadow_blur_strength_tablet=\u00bb1px\u00bb header_3_text_shadow_horizontal_length_tablet=\u00bb0px\u00bb header_3_text_shadow_vertical_length_tablet=\u00bb0px\u00bb header_3_text_shadow_blur_strength_tablet=\u00bb1px\u00bb header_4_text_shadow_horizontal_length_tablet=\u00bb0px\u00bb header_4_text_shadow_vertical_length_tablet=\u00bb0px\u00bb header_4_text_shadow_blur_strength_tablet=\u00bb1px\u00bb header_5_text_shadow_horizontal_length_tablet=\u00bb0px\u00bb header_5_text_shadow_vertical_length_tablet=\u00bb0px\u00bb header_5_text_shadow_blur_strength_tablet=\u00bb1px\u00bb header_6_text_shadow_horizontal_length_tablet=\u00bb0px\u00bb header_6_text_shadow_vertical_length_tablet=\u00bb0px\u00bb header_6_text_shadow_blur_strength_tablet=\u00bb1px\u00bb box_shadow_horizontal_tablet=\u00bb0px\u00bb box_shadow_vertical_tablet=\u00bb0px\u00bb [&hellip;]<\/p>\n","protected":false},"author":1,"featured_media":0,"parent":0,"menu_order":0,"comment_status":"closed","ping_status":"closed","template":"","meta":{"_et_pb_use_builder":"on","_et_pb_old_content":"","_et_gb_content_width":""},"_links":{"self":[{"href":"https:\/\/bajotierra.com.mx\/bt\/wp-json\/wp\/v2\/pages\/987467800"}],"collection":[{"href":"https:\/\/bajotierra.com.mx\/bt\/wp-json\/wp\/v2\/pages"}],"about":[{"href":"https:\/\/bajotierra.com.mx\/bt\/wp-json\/wp\/v2\/types\/page"}],"author":[{"embeddable":true,"href":"https:\/\/bajotierra.com.mx\/bt\/wp-json\/wp\/v2\/users\/1"}],"replies":[{"embeddable":true,"href":"https:\/\/bajotierra.com.mx\/bt\/wp-json\/wp\/v2\/comments?post=987467800"}],"version-history":[{"count":40,"href":"https:\/\/bajotierra.com.mx\/bt\/wp-json\/wp\/v2\/pages\/987467800\/revisions"}],"predecessor-version":[{"id":987468757,"href":"https:\/\/bajotierra.com.mx\/bt\/wp-json\/wp\/v2\/pages\/987467800\/revisions\/987468757"}],"wp:attachment":[{"href":"https:\/\/bajotierra.com.mx\/bt\/wp-json\/wp\/v2\/media?parent=987467800"}],"curies":[{"name":"wp","href":"https:\/\/api.w.org\/{rel}","templated":true}]}}