{"id":987467823,"date":"2021-03-26T22:41:18","date_gmt":"2021-03-26T22:41:18","guid":{"rendered":"https:\/\/bajotierra.com.mx\/bt\/?page_id=987467823"},"modified":"2025-05-23T01:32:35","modified_gmt":"2025-05-23T01:32:35","slug":"proyectos","status":"publish","type":"page","link":"https:\/\/bajotierra.com.mx\/bt\/proyectos\/","title":{"rendered":"proyectos"},"content":{"rendered":"<p>[et_pb_section fb_built=\u00bb1&#8243; _builder_version=\u00bb4.9.1&#8243; _module_preset=\u00bbdefault\u00bb][et_pb_row _builder_version=\u00bb4.9.1&#8243; _module_preset=\u00bbdefault\u00bb][et_pb_column type=\u00bb4_4&#8243; _builder_version=\u00bb4.9.1&#8243; _module_preset=\u00bbdefault\u00bb][et_pb_text _builder_version=\u00bb4.9.1&#8243; _module_preset=\u00bbdefault\u00bb header_font_size=\u00bb45px\u00bb]<\/p>\n<h1 style=\"text-align: center;\"><strong><span style=\"color: #495030;\">PROYECTOS<\/span><\/strong><\/h1>\n<p>[\/et_pb_text][et_pb_text _builder_version=\u00bb4.9.1&#8243; _module_preset=\u00bbdefault\u00bb header_3_font=\u00bbCatamaran||||||||\u00bb header_3_letter_spacing=\u00bb1px\u00bb header_3_line_height=\u00bb1.3em\u00bb]<\/p>\n<h3 style=\"text-align: center;\">Nuestros proyectos comprenden \u00e1reas de <strong><span style=\"color: #495030;\">investigaci\u00f3n, creaci\u00f3n art\u00edstica<\/span><\/strong> y<br \/><strong><span style=\"color: #495030;\">divulgaci\u00f3n<\/span><\/strong> de conocimiento para la generaci\u00f3n de <strong><span style=\"color: #495030;\">conciencia<\/span><\/strong>, la formaci\u00f3n de<br \/><strong><span style=\"color: #495030;\">capacidades<\/span><\/strong> y la <strong><span style=\"color: #495030;\">activaci\u00f3n social<\/span><\/strong>. Se articulan en torno a CUATRO ejes<br \/>transversalmente unidos por la educaci\u00f3n socio ambiental y el cambio cultural ecol\u00f3gico,<br \/>con base en los enfoques de derechos humanos, g\u00e9nero y justicia.<\/h3>\n<p>[\/et_pb_text][et_pb_image src=\u00bbhttps:\/\/bajotierra.com.mx\/bt\/wp-content\/uploads\/2021\/03\/mapa.png\u00bb title_text=\u00bbmapa\u00bb disabled_on=\u00bbon|off|off\u00bb _builder_version=\u00bb4.9.1&#8243; _module_preset=\u00bbdefault\u00bb]<\/p>\n<p>[\/et_pb_image][et_pb_image src=\u00bbhttps:\/\/bajotierra.com.mx\/bt\/wp-content\/uploads\/2021\/03\/mapa_movil.png\u00bb title_text=\u00bbmapa_movil\u00bb disabled_on=\u00bboff|on|on\u00bb _builder_version=\u00bb4.9.1&#8243; _module_preset=\u00bbdefault\u00bb width=\u00bb100%\u00bb]<\/p>\n<p>[\/et_pb_image][et_pb_divider divider_position=\u00bbbottom\u00bb _builder_version=\u00bb4.9.1&#8243; _module_preset=\u00bbdefault\u00bb]<\/p>\n<p>[\/et_pb_divider][\/et_pb_column][\/et_pb_row][\/et_pb_section][et_pb_section fb_built=\u00bb1&#8243; _builder_version=\u00bb4.9.1&#8243; _module_preset=\u00bbdefault\u00bb][et_pb_row _builder_version=\u00bb4.9.1&#8243; _module_preset=\u00bbdefault\u00bb][et_pb_column type=\u00bb4_4&#8243; _builder_version=\u00bb4.9.1&#8243; _module_preset=\u00bbdefault\u00bb][et_pb_text _builder_version=\u00bb4.9.1&#8243; _module_preset=\u00bbdefault\u00bb header_font_size=\u00bb45px\u00bb custom_margin=\u00bb-52px|||||\u00bb custom_padding=\u00bb||0px|||\u00bb]<\/p>\n<h1 style=\"text-align: center;\"><strong><span style=\"color: #495030;\">CONSULTA NUESTROS SERVICIOS<\/span><\/strong><\/h1>\n<p>[\/et_pb_text][\/et_pb_column][\/et_pb_row][et_pb_row column_structure=\u00bb1_4,3_4&#8243; _builder_version=\u00bb4.9.1&#8243; _module_preset=\u00bbdefault\u00bb][et_pb_column type=\u00bb1_4&#8243; _builder_version=\u00bb4.9.1&#8243; _module_preset=\u00bbdefault\u00bb][et_pb_image src=\u00bbhttps:\/\/bajotierra.com.mx\/bt\/wp-content\/uploads\/2021\/03\/Recurso-10.png\u00bb title_text=\u00bbRecurso 10&#8243; _builder_version=\u00bb4.9.1&#8243; _module_preset=\u00bbdefault\u00bb transform_scale=\u00bb112%|112%\u00bb transform_translate=\u00bb26px|0px\u00bb width=\u00bb88%\u00bb max_width=\u00bb78%\u00bb min_height=\u00bb100px\u00bb height=\u00bb174px\u00bb]<\/p>\n<p>[\/et_pb_image][\/et_pb_column][et_pb_column type=\u00bb3_4&#8243; _builder_version=\u00bb4.9.1&#8243; _module_preset=\u00bbdefault\u00bb][et_pb_text _builder_version=\u00bb4.9.1&#8243; _module_preset=\u00bbdefault\u00bb header_3_font=\u00bbCatamaran||||||||\u00bb header_3_font_size=\u00bb24px\u00bb header_3_letter_spacing=\u00bb1px\u00bb header_3_line_height=\u00bb1.3em\u00bb]<\/p>\n<h2 style=\"text-align: justify;\"><strong><span style=\"color: #56a170;\">Consultor\u00eda<\/span><\/strong><\/h2>\n<h3 style=\"text-align: left;\">Nuestro equipo est\u00e1 capacitado en diagn\u00f3stico, dise\u00f1o, monitoreo y evaluaci\u00f3n de pol\u00edtica p\u00fablica, incidencia legislativa y creaci\u00f3n de procesos participativos en materia de agua, ciudades resilientes, manejo integrado de cuencas y derechos humanos.<\/h3>\n<p>[\/et_pb_text][\/et_pb_column][\/et_pb_row][et_pb_row column_structure=\u00bb3_4,1_4&#8243; _builder_version=\u00bb4.9.1&#8243; _module_preset=\u00bbdefault\u00bb][et_pb_column type=\u00bb3_4&#8243; _builder_version=\u00bb4.9.1&#8243; _module_preset=\u00bbdefault\u00bb][et_pb_image src=\u00bbhttps:\/\/bajotierra.com.mx\/bt\/wp-content\/uploads\/2021\/03\/Recurso-9.png\u00bb title_text=\u00bbRecurso 9&#8243; disabled_on=\u00bboff|off|on\u00bb _builder_version=\u00bb4.9.1&#8243; _module_preset=\u00bbdefault\u00bb]<\/p>\n<p>[\/et_pb_image][et_pb_text _builder_version=\u00bb4.9.1&#8243; _module_preset=\u00bbdefault\u00bb header_3_font=\u00bbCatamaran||||||||\u00bb header_3_font_size=\u00bb24px\u00bb header_3_letter_spacing=\u00bb1px\u00bb header_3_line_height=\u00bb1.3em\u00bb]<\/p>\n<h2 style=\"text-align: justify;\"><strong><span style=\"color: #56a170;\">Capacitaci\u00f3n<\/span><\/strong><\/h2>\n<h3 style=\"text-align: left;\">Conoce nuestros programas de formaci\u00f3n y pregunta por el cat\u00e1logo de conferencias, talleres, diplomados y otras modalidades de aprendizaje colaborativo.<\/h3>\n<p>[\/et_pb_text][\/et_pb_column][et_pb_column type=\u00bb1_4&#8243; _builder_version=\u00bb4.9.1&#8243; _module_preset=\u00bbdefault\u00bb][et_pb_image src=\u00bbhttps:\/\/bajotierra.com.mx\/bt\/wp-content\/uploads\/2021\/03\/Recurso-9.png\u00bb title_text=\u00bbRecurso 9&#8243; disabled_on=\u00bbon|on|off\u00bb _builder_version=\u00bb4.9.1&#8243; _module_preset=\u00bbdefault\u00bb]<\/p>\n<p>[\/et_pb_image][\/et_pb_column][\/et_pb_row][et_pb_row column_structure=\u00bb1_4,3_4&#8243; _builder_version=\u00bb4.9.1&#8243; _module_preset=\u00bbdefault\u00bb][et_pb_column type=\u00bb1_4&#8243; _builder_version=\u00bb4.9.1&#8243; _module_preset=\u00bbdefault\u00bb][et_pb_image src=\u00bbhttps:\/\/bajotierra.com.mx\/bt\/wp-content\/uploads\/2021\/03\/Recurso-11-1.png\u00bb title_text=\u00bbRecurso 11&#8243; _builder_version=\u00bb4.9.1&#8243; _module_preset=\u00bbdefault\u00bb transform_translate=\u00bb32px|-26px\u00bb width=\u00bb66%\u00bb max_width=\u00bb56%\u00bb]<\/p>\n<p>[\/et_pb_image][\/et_pb_column][et_pb_column type=\u00bb3_4&#8243; _builder_version=\u00bb4.9.1&#8243; _module_preset=\u00bbdefault\u00bb][et_pb_text _builder_version=\u00bb4.9.1&#8243; _module_preset=\u00bbdefault\u00bb header_3_font=\u00bbCatamaran||||||||\u00bb header_3_font_size=\u00bb24px\u00bb header_3_letter_spacing=\u00bb1px\u00bb header_3_line_height=\u00bb1.3em\u00bb]<\/p>\n<h2 style=\"text-align: justify;\"><strong><span style=\"color: #56a170;\">Asesor\u00eda<\/span><\/strong><\/h2>\n<h3 style=\"text-align: left;\">Contamos con asesor\u00eda legal, as\u00ed como acompa\u00f1amiento en la construcci\u00f3n de museograf\u00edas digitales, desde el desarrollo y curadur\u00eda web.<\/h3>\n<p>[\/et_pb_text][\/et_pb_column][\/et_pb_row][\/et_pb_section]<\/p>\n","protected":false},"excerpt":{"rendered":"<p>[et_pb_section fb_built=\u00bb1&#8243; _builder_version=\u00bb4.9.1&#8243; _module_preset=\u00bbdefault\u00bb][et_pb_row _builder_version=\u00bb4.9.1&#8243; _module_preset=\u00bbdefault\u00bb][et_pb_column type=\u00bb4_4&#8243; _builder_version=\u00bb4.9.1&#8243; _module_preset=\u00bbdefault\u00bb][et_pb_text _builder_version=\u00bb4.9.1&#8243; _module_preset=\u00bbdefault\u00bb header_font_size=\u00bb45px\u00bb] PROYECTOS [\/et_pb_text][et_pb_text _builder_version=\u00bb4.9.1&#8243; _module_preset=\u00bbdefault\u00bb header_3_font=\u00bbCatamaran||||||||\u00bb header_3_letter_spacing=\u00bb1px\u00bb header_3_line_height=\u00bb1.3em\u00bb] Nuestros proyectos comprenden \u00e1reas de investigaci\u00f3n, creaci\u00f3n art\u00edstica ydivulgaci\u00f3n de conocimiento para la generaci\u00f3n de conciencia, la formaci\u00f3n decapacidades y la activaci\u00f3n social. Se articulan en torno a CUATRO ejestransversalmente unidos por la educaci\u00f3n socio ambiental [&hellip;]<\/p>\n","protected":false},"author":1,"featured_media":0,"parent":0,"menu_order":0,"comment_status":"closed","ping_status":"closed","template":"","meta":{"_et_pb_use_builder":"on","_et_pb_old_content":"","_et_gb_content_width":""},"_links":{"self":[{"href":"https:\/\/bajotierra.com.mx\/bt\/wp-json\/wp\/v2\/pages\/987467823"}],"collection":[{"href":"https:\/\/bajotierra.com.mx\/bt\/wp-json\/wp\/v2\/pages"}],"about":[{"href":"https:\/\/bajotierra.com.mx\/bt\/wp-json\/wp\/v2\/types\/page"}],"author":[{"embeddable":true,"href":"https:\/\/bajotierra.com.mx\/bt\/wp-json\/wp\/v2\/users\/1"}],"replies":[{"embeddable":true,"href":"https:\/\/bajotierra.com.mx\/bt\/wp-json\/wp\/v2\/comments?post=987467823"}],"version-history":[{"count":18,"href":"https:\/\/bajotierra.com.mx\/bt\/wp-json\/wp\/v2\/pages\/987467823\/revisions"}],"predecessor-version":[{"id":987469491,"href":"https:\/\/bajotierra.com.mx\/bt\/wp-json\/wp\/v2\/pages\/987467823\/revisions\/987469491"}],"wp:attachment":[{"href":"https:\/\/bajotierra.com.mx\/bt\/wp-json\/wp\/v2\/media?parent=987467823"}],"curies":[{"name":"wp","href":"https:\/\/api.w.org\/{rel}","templated":true}]}}