{"id":987467832,"date":"2021-03-27T17:28:19","date_gmt":"2021-03-27T17:28:19","guid":{"rendered":"https:\/\/bajotierra.com.mx\/bt\/?page_id=987467832"},"modified":"2024-03-27T17:39:28","modified_gmt":"2024-03-27T17:39:28","slug":"equipo","status":"publish","type":"page","link":"https:\/\/bajotierra.com.mx\/bt\/equipo\/","title":{"rendered":"Equipo"},"content":{"rendered":"<p>[et_pb_section fb_built=\u00bb1&#8243; _builder_version=\u00bb4.9.1&#8243; _module_preset=\u00bbdefault\u00bb][et_pb_row _builder_version=\u00bb4.9.1&#8243; _module_preset=\u00bbdefault\u00bb][et_pb_column type=\u00bb4_4&#8243; _builder_version=\u00bb4.9.1&#8243; _module_preset=\u00bbdefault\u00bb][et_pb_text _builder_version=\u00bb4.9.1&#8243; _module_preset=\u00bbdefault\u00bb header_font_size=\u00bb50px\u00bb]<\/p>\n<h1 style=\"text-align: center;\"><span style=\"color: #495030;\"><strong>EQUIPO<\/strong><\/span><\/h1>\n<p>[\/et_pb_text][\/et_pb_column][\/et_pb_row][\/et_pb_section][et_pb_section fb_built=\u00bb1&#8243; _builder_version=\u00bb4.9.1&#8243; _module_preset=\u00bbdefault\u00bb background_color=\u00bb#54a2ad\u00bb min_height=\u00bb130px\u00bb custom_margin=\u00bb-44px|||||\u00bb][et_pb_row _builder_version=\u00bb4.9.1&#8243; _module_preset=\u00bbdefault\u00bb][et_pb_column type=\u00bb4_4&#8243; _builder_version=\u00bb4.9.1&#8243; _module_preset=\u00bbdefault\u00bb][et_pb_text _builder_version=\u00bb4.9.1&#8243; _module_preset=\u00bbdefault\u00bb header_font=\u00bbCatamaran||||||||\u00bb header_2_font=\u00bbCatamaran||||||||\u00bb header_2_font_size=\u00bb40px\u00bb header_2_letter_spacing=\u00bb1px\u00bb]<\/p>\n<h2 style=\"text-align: center;\"><strong><span style=\"color: #ffffff;\">Conoce al equipo de Bajo Tierra Museo<\/span><\/strong><\/h2>\n<p>[\/et_pb_text][\/et_pb_column][\/et_pb_row][et_pb_row column_structure=\u00bb1_3,1_3,1_3&#8243; _builder_version=\u00bb4.9.1&#8243; _module_preset=\u00bbdefault\u00bb saved_tabs=\u00bball\u00bb][et_pb_column type=\u00bb1_3&#8243; _builder_version=\u00bb4.9.1&#8243; _module_preset=\u00bbdefault\u00bb][dizo_image_hover image=\u00bbhttps:\/\/bajotierra.com.mx\/bt\/wp-content\/uploads\/2021\/03\/Recurso-4-100-e1616800950317.png\u00bb t_suffix=\u00bb\u00a1Con\u00f3ceme!\u00bb button_url_new_window=\u00bb1&#8243; overlay_bgcolor=\u00bbrgba(171,222,220,0.8)\u00bb suffix_background_bgcolor=\u00bbRGBA(0,0,0,0)\u00bb module_link_url_new_window=\u00bb1&#8243; module_id=\u00bboverlay_unique_id_987467984&#8243; module_class=\u00bboverlay_unique_id_987467984&#8243; _builder_version=\u00bb4.9.1&#8243; _module_preset=\u00bbdefault\u00bb title_suffix_text_color=\u00bb#000000&#8243; title_suffix_font_size=\u00bb49px\u00bb title_suffix_line_height=\u00bb5em\u00bb transform_scale=\u00bb70%|70%\u00bb][\/dizo_image_hover][et_pb_text _builder_version=\u00bb4.9.1&#8243; _module_preset=\u00bbdefault\u00bb header_2_font=\u00bbCatamaran||||||||\u00bb header_2_text_align=\u00bbleft\u00bb header_2_text_color=\u00bb#FFFFFF\u00bb header_3_font=\u00bbCatamaran||on||||||\u00bb header_3_text_align=\u00bbcenter\u00bb header_3_font_size=\u00bb23px\u00bb header_3_letter_spacing=\u00bb1px\u00bb header_3_line_height=\u00bb1.1em\u00bb header_4_font=\u00bbCatamaran|700|||||||\u00bb header_4_text_align=\u00bbcenter\u00bb header_4_font_size=\u00bb30px\u00bb custom_margin=\u00bb-60px|||||\u00bb]<\/p>\n<h4 class=\"et_pb_module_header et-fb-editable-element et-fb-editable-element et-fb-editable-element__editing\" data-shortcode-id=\"1.1.0.0-1616910065008\" data-quickaccess-id=\"header\" contenteditable=\"true\"><span style=\"color: #ffffff;\">Carlos Mauricio Talavera<\/span><\/h4>\n<h3><span style=\"color: #ffffff;\">Fil\u00f3sofo del arte especializado en gesti\u00f3n cultural<\/span><\/h3>\n<p>[\/et_pb_text][\/et_pb_column][et_pb_column type=\u00bb1_3&#8243; _builder_version=\u00bb4.9.1&#8243; _module_preset=\u00bbdefault\u00bb][dizo_image_hover image=\u00bbhttps:\/\/bajotierra.com.mx\/bt\/wp-content\/uploads\/2021\/03\/Recurso-3-100-e1616864737455.png\u00bb t_suffix=\u00bb\u00a1Con\u00f3ceme!\u00bb button_url_new_window=\u00bb1&#8243; overlay_bgcolor=\u00bbrgba(171,222,220,0.8)\u00bb suffix_background_bgcolor=\u00bbRGBA(0,0,0,0)\u00bb module_link_url_new_window=\u00bb1&#8243; module_id=\u00bboverlay_unique_id_987467920&#8243; module_class=\u00bboverlay_unique_id_987467920&#8243; _builder_version=\u00bb4.9.1&#8243; _module_preset=\u00bbdefault\u00bb title_suffix_text_color=\u00bb#000000&#8243; title_suffix_font_size=\u00bb49px\u00bb title_suffix_line_height=\u00bb5em\u00bb transform_scale=\u00bb70%|70%\u00bb][\/dizo_image_hover][et_pb_text _builder_version=\u00bb4.9.1&#8243; _module_preset=\u00bbdefault\u00bb header_2_font=\u00bbCatamaran||||||||\u00bb header_2_text_align=\u00bbleft\u00bb header_2_text_color=\u00bb#FFFFFF\u00bb header_3_font=\u00bbCatamaran||on||||||\u00bb header_3_text_align=\u00bbcenter\u00bb header_3_font_size=\u00bb23px\u00bb header_3_letter_spacing=\u00bb1px\u00bb header_3_line_height=\u00bb1.1em\u00bb header_4_font=\u00bbCatamaran|700|||||||\u00bb header_4_text_align=\u00bbcenter\u00bb header_4_font_size=\u00bb30px\u00bb custom_margin=\u00bb-60px|||||\u00bb]<\/p>\n<h4 class=\"et_pb_module_header et-fb-editable-element et-fb-editable-element__editing\" data-shortcode-id=\"1.1.1.0-1616912664485\" data-quickaccess-id=\"header\" contenteditable=\"true\"><span style=\"color: #ffffff;\">Karla Judith Olvera<\/span><\/h4>\n<h3><span style=\"color: #ffffff;\"><span>Bi\u00f3loga especialista en manejo integral de cuencas<\/span><\/span><\/h3>\n<p>[\/et_pb_text][\/et_pb_column][et_pb_column type=\u00bb1_3&#8243; _builder_version=\u00bb4.9.1&#8243; _module_preset=\u00bbdefault\u00bb][dizo_image_hover image=\u00bbhttps:\/\/bajotierra.com.mx\/bt\/wp-content\/uploads\/2021\/03\/Recurso-2-100-e1616864896138.png\u00bb t_suffix=\u00bb\u00a1Con\u00f3ceme!\u00bb button_url_new_window=\u00bb1&#8243; overlay_bgcolor=\u00bbrgba(171,222,220,0.8)\u00bb suffix_background_bgcolor=\u00bbRGBA(0,0,0,0)\u00bb module_link_url_new_window=\u00bb1&#8243; module_id=\u00bboverlay_unique_id_987467921&#8243; module_class=\u00bboverlay_unique_id_987467921&#8243; _builder_version=\u00bb4.9.1&#8243; _module_preset=\u00bbdefault\u00bb title_suffix_text_color=\u00bb#000000&#8243; title_suffix_font_size=\u00bb49px\u00bb title_suffix_line_height=\u00bb5em\u00bb transform_scale=\u00bb70%|70%\u00bb][\/dizo_image_hover][et_pb_text _builder_version=\u00bb4.9.1&#8243; _module_preset=\u00bbdefault\u00bb header_2_font=\u00bbCatamaran||||||||\u00bb header_2_text_align=\u00bbleft\u00bb header_2_text_color=\u00bb#FFFFFF\u00bb header_3_font=\u00bbCatamaran||on||||||\u00bb header_3_text_align=\u00bbcenter\u00bb header_3_font_size=\u00bb23px\u00bb header_3_letter_spacing=\u00bb1px\u00bb header_3_line_height=\u00bb1.1em\u00bb header_4_font=\u00bbCatamaran|700|||||||\u00bb header_4_text_align=\u00bbcenter\u00bb header_4_font_size=\u00bb30px\u00bb custom_margin=\u00bb-60px|||||\u00bb]<\/p>\n<h4 class=\"et_pb_module_header et-fb-editable-element et-fb-editable-element et-fb-editable-element__editing\" data-shortcode-id=\"1.1.2.0-1616912718371\" data-quickaccess-id=\"header\" contenteditable=\"true\"><span style=\"color: #ffffff;\">Claudia Elvira Romero<\/span><\/h4>\n<h3><span style=\"color: #ffffff;\"><span>Abogada especializada en incidencia para la acci\u00f3n clim\u00e1tica<\/span><\/span><\/h3>\n<p>[\/et_pb_text][\/et_pb_column][\/et_pb_row][et_pb_row column_structure=\u00bb1_3,1_3,1_3&#8243; _builder_version=\u00bb4.9.1&#8243; _module_preset=\u00bbdefault\u00bb][et_pb_column type=\u00bb1_3&#8243; _builder_version=\u00bb4.9.1&#8243; _module_preset=\u00bbdefault\u00bb][dizo_image_hover image=\u00bbhttps:\/\/bajotierra.com.mx\/bt\/wp-content\/uploads\/2021\/03\/Recurso-1-100-e1616864913893.png\u00bb t_suffix=\u00bb\u00a1Con\u00f3ceme!\u00bb button_url_new_window=\u00bb1&#8243; overlay_bgcolor=\u00bbrgba(171,222,220,0.8)\u00bb suffix_background_bgcolor=\u00bbRGBA(0,0,0,0)\u00bb module_link_url_new_window=\u00bb1&#8243; module_id=\u00bboverlay_unique_id_987467922&#8243; module_class=\u00bboverlay_unique_id_987467922&#8243; _builder_version=\u00bb4.9.1&#8243; _module_preset=\u00bbdefault\u00bb title_suffix_text_color=\u00bb#000000&#8243; title_suffix_font_size=\u00bb49px\u00bb title_suffix_line_height=\u00bb5em\u00bb transform_scale=\u00bb70%|70%\u00bb]<br \/>\n[\/dizo_image_hover][et_pb_text _builder_version=\u00bb4.9.1&#8243; _module_preset=\u00bbdefault\u00bb header_2_font=\u00bbCatamaran||||||||\u00bb header_2_text_align=\u00bbleft\u00bb header_2_text_color=\u00bb#FFFFFF\u00bb header_3_font=\u00bbCatamaran||on||||||\u00bb header_3_text_align=\u00bbcenter\u00bb header_3_font_size=\u00bb23px\u00bb header_3_letter_spacing=\u00bb1px\u00bb header_3_line_height=\u00bb1.1em\u00bb header_4_font=\u00bbCatamaran|700|||||||\u00bb header_4_text_align=\u00bbcenter\u00bb header_4_font_size=\u00bb30px\u00bb custom_margin=\u00bb-60px|||||\u00bb]<\/p>\n<h4 class=\"et_pb_module_header et-fb-editable-element et-fb-editable-element et-fb-editable-element__editing\" data-shortcode-id=\"1.1.0.0-1616910065008\" data-quickaccess-id=\"header\" contenteditable=\"true\"><span style=\"color: #ffffff;\">Cecilia Robles Bernal<\/span><\/h4>\n<h3><span style=\"color: #ffffff;\"><span>Ge\u00f3grafa especializada en sistemas de informaci\u00f3n geogr\u00e1fica<\/span><\/span><\/h3>\n<p>[\/et_pb_text][\/et_pb_column][et_pb_column type=\u00bb1_3&#8243; _builder_version=\u00bb4.9.1&#8243; _module_preset=\u00bbdefault\u00bb][dizo_image_hover image=\u00bbhttps:\/\/bajotierra.com.mx\/bt\/wp-content\/uploads\/2021\/03\/Recurso-5-100-e1616864854385.png\u00bb t_suffix=\u00bb\u00a1Con\u00f3ceme!\u00bb button_url_new_window=\u00bb1&#8243; overlay_bgcolor=\u00bbrgba(171,222,220,0.8)\u00bb suffix_background_bgcolor=\u00bbRGBA(0,0,0,0)\u00bb module_link_url_new_window=\u00bb1&#8243; module_id=\u00bboverlay_unique_id_987467923&#8243; module_class=\u00bboverlay_unique_id_987467923&#8243; _builder_version=\u00bb4.9.1&#8243; _module_preset=\u00bbdefault\u00bb title_suffix_text_color=\u00bb#000000&#8243; title_suffix_font_size=\u00bb49px\u00bb title_suffix_line_height=\u00bb5em\u00bb transform_scale=\u00bb70%|70%\u00bb]<br \/>\n[\/dizo_image_hover][et_pb_text _builder_version=\u00bb4.9.1&#8243; _module_preset=\u00bbdefault\u00bb header_2_font=\u00bbCatamaran||||||||\u00bb header_2_text_align=\u00bbleft\u00bb header_2_text_color=\u00bb#FFFFFF\u00bb header_3_font=\u00bbCatamaran||on||||||\u00bb header_3_text_align=\u00bbcenter\u00bb header_3_font_size=\u00bb23px\u00bb header_3_letter_spacing=\u00bb1px\u00bb header_3_line_height=\u00bb1.1em\u00bb header_4_font=\u00bbCatamaran|700|||||||\u00bb header_4_text_align=\u00bbcenter\u00bb header_4_font_size=\u00bb30px\u00bb custom_margin=\u00bb-60px|||||\u00bb]<\/p>\n<h4 class=\"et_pb_module_header et-fb-editable-element et-fb-editable-element et-fb-editable-element__editing\" data-shortcode-id=\"1.1.0.0-1616910065008\" data-quickaccess-id=\"header\" contenteditable=\"true\"><span style=\"color: #ffffff;\">Genaro Garc\u00eda Guzm\u00e1n<\/span><\/h4>\n<h3><span style=\"color: #ffffff;\"><span>Soci\u00f3logo especialista en manejo integral de cuencas<\/span><\/span><\/h3>\n<p>[\/et_pb_text][\/et_pb_column][et_pb_column type=\u00bb1_3&#8243; _builder_version=\u00bb4.9.1&#8243; _module_preset=\u00bbdefault\u00bb][dizo_image_hover image=\u00bbhttps:\/\/bajotierra.com.mx\/bt\/wp-content\/uploads\/2022\/08\/edithandrade-01.png\u00bb t_suffix=\u00bb\u00a1Con\u00f3ceme!\u00bb button_url_new_window=\u00bb1&#8243; overlay_bgcolor=\u00bbrgba(171,222,220,0.8)\u00bb suffix_background_bgcolor=\u00bbRGBA(0,0,0,0)\u00bb module_link_url_new_window=\u00bb1&#8243; module_id=\u00bboverlay_unique_id_987469060&#8243; module_class=\u00bboverlay_unique_id_987469060&#8243; _builder_version=\u00bb4.9.1&#8243; _module_preset=\u00bbdefault\u00bb title_suffix_text_color=\u00bb#000000&#8243; title_suffix_font_size=\u00bb49px\u00bb title_suffix_line_height=\u00bb5em\u00bb transform_scale=\u00bb70%|70%\u00bb]<br \/>\n[\/dizo_image_hover][et_pb_text _builder_version=\u00bb4.9.1&#8243; _module_preset=\u00bbdefault\u00bb header_2_font=\u00bbCatamaran||||||||\u00bb header_2_text_align=\u00bbleft\u00bb header_2_text_color=\u00bb#FFFFFF\u00bb header_3_font=\u00bbCatamaran||on||||||\u00bb header_3_text_align=\u00bbcenter\u00bb header_3_font_size=\u00bb23px\u00bb header_3_letter_spacing=\u00bb1px\u00bb header_3_line_height=\u00bb1.1em\u00bb header_4_font=\u00bbCatamaran|700|||||||\u00bb header_4_text_align=\u00bbcenter\u00bb header_4_font_size=\u00bb30px\u00bb custom_margin=\u00bb-60px|||||\u00bb]<\/p>\n<h4 class=\"et_pb_module_header et-fb-editable-element et-fb-editable-element et-fb-editable-element__editing\" data-shortcode-id=\"1.1.0.0-1616910065008\" data-quickaccess-id=\"header\" contenteditable=\"true\"><span style=\"color: #ffffff;\">Edith Andrade F\u00f3cil<\/span><\/h4>\n<h3><span style=\"color: #ffffff;\"><span>Abogada especializada en derechos humanos y protecci\u00f3n internacional<\/span><\/span><\/h3>\n<p>[\/et_pb_text][\/et_pb_column][\/et_pb_row][et_pb_row column_structure=\u00bb1_3,1_3,1_3&#8243; _builder_version=\u00bb4.9.1&#8243; _module_preset=\u00bbdefault\u00bb][et_pb_column type=\u00bb1_3&#8243; _builder_version=\u00bb4.9.1&#8243; _module_preset=\u00bbdefault\u00bb][dizo_image_hover image=\u00bbhttps:\/\/bajotierra.com.mx\/bt\/wp-content\/uploads\/2024\/02\/bajotierraiconsRegina-01.png\u00bb t_suffix=\u00bb\u00a1Con\u00f3ceme!\u00bb button_url_new_window=\u00bb1&#8243; overlay_bgcolor=\u00bbrgba(171,222,220,0.8)\u00bb suffix_background_bgcolor=\u00bbRGBA(0,0,0,0)\u00bb module_link_url_new_window=\u00bb1&#8243; module_id=\u00bboverlay_unique_id_987469397&#8243; module_class=\u00bbdivioverlay-987469397&#8243; _builder_version=\u00bb4.9.1&#8243; _module_preset=\u00bbdefault\u00bb title_suffix_text_color=\u00bb#000000&#8243; title_suffix_font_size=\u00bb49px\u00bb title_suffix_line_height=\u00bb5em\u00bb transform_scale=\u00bb70%|70%\u00bb]<br \/>\n[\/dizo_image_hover][et_pb_text _builder_version=\u00bb4.9.1&#8243; _module_preset=\u00bbdefault\u00bb header_2_font=\u00bbCatamaran||||||||\u00bb header_2_text_align=\u00bbleft\u00bb header_2_text_color=\u00bb#FFFFFF\u00bb header_3_font=\u00bbCatamaran||on||||||\u00bb header_3_text_align=\u00bbcenter\u00bb header_3_font_size=\u00bb23px\u00bb header_3_letter_spacing=\u00bb1px\u00bb header_3_line_height=\u00bb1.1em\u00bb header_4_font=\u00bbCatamaran|700|||||||\u00bb header_4_text_align=\u00bbcenter\u00bb header_4_font_size=\u00bb30px\u00bb custom_margin=\u00bb-60px|||||\u00bb]<\/p>\n<h4 class=\"et_pb_module_header et-fb-editable-element et-fb-editable-element et-fb-editable-element__editing\" data-shortcode-id=\"1.1.0.0-1616910065008\" data-quickaccess-id=\"header\" contenteditable=\"true\"><span style=\"color: #ffffff;\">Lidia Regina Monroy<\/span><\/h4>\n<h3><span style=\"color: #ffffff;\"><span>Internacionalista concentrada en derechos humanos<\/span><\/span><\/h3>\n<p>[\/et_pb_text][\/et_pb_column][et_pb_column type=\u00bb1_3&#8243; _builder_version=\u00bb4.9.1&#8243; _module_preset=\u00bbdefault\u00bb][dizo_image_hover image=\u00bbhttps:\/\/bajotierra.com.mx\/bt\/wp-content\/uploads\/2024\/02\/bajotierraiconsMariana-01.png\u00bb t_suffix=\u00bb\u00a1Con\u00f3ceme!\u00bb button_url_new_window=\u00bb1&#8243; overlay_bgcolor=\u00bbrgba(171,222,220,0.8)\u00bb suffix_background_bgcolor=\u00bbRGBA(0,0,0,0)\u00bb module_link_url_new_window=\u00bb1&#8243; module_id=\u00bboverlay_unique_id_987469411&#8243; module_class=\u00bbdivioverlay-987469411&#8243; _builder_version=\u00bb4.9.1&#8243; _module_preset=\u00bbdefault\u00bb title_suffix_text_color=\u00bb#000000&#8243; title_suffix_font_size=\u00bb49px\u00bb title_suffix_line_height=\u00bb5em\u00bb transform_scale=\u00bb70%|70%\u00bb]<br \/>\n[\/dizo_image_hover][et_pb_text _builder_version=\u00bb4.9.1&#8243; _module_preset=\u00bbdefault\u00bb header_2_font=\u00bbCatamaran||||||||\u00bb header_2_text_align=\u00bbleft\u00bb header_2_text_color=\u00bb#FFFFFF\u00bb header_3_font=\u00bbCatamaran||on||||||\u00bb header_3_text_align=\u00bbcenter\u00bb header_3_font_size=\u00bb23px\u00bb header_3_letter_spacing=\u00bb1px\u00bb header_3_line_height=\u00bb1.1em\u00bb header_4_font=\u00bbCatamaran|700|||||||\u00bb header_4_text_align=\u00bbcenter\u00bb header_4_font_size=\u00bb30px\u00bb custom_margin=\u00bb-60px|||||\u00bb]<\/p>\n<h4 class=\"et_pb_module_header et-fb-editable-element et-fb-editable-element et-fb-editable-element__editing\" data-shortcode-id=\"1.1.0.0-1616910065008\" data-quickaccess-id=\"header\" contenteditable=\"true\"><span style=\"color: #ffffff;\">Mariana Garc\u00eda Estrada<\/span><\/h4>\n<h3><span style=\"color: #ffffff;\"><span>Ge\u00f3grafa ambiental especializada en ciencias sociales<\/span><\/span><\/h3>\n<p>[\/et_pb_text][\/et_pb_column][et_pb_column type=\u00bb1_3&#8243; _builder_version=\u00bb4.9.1&#8243; _module_preset=\u00bbdefault\u00bb][dizo_image_hover image=\u00bbhttps:\/\/bajotierra.com.mx\/bt\/wp-content\/uploads\/2024\/03\/Eckhart_Mesa-de-trabajo-1.png\u00bb t_suffix=\u00bb\u00a1Con\u00f3ceme!\u00bb button_url_new_window=\u00bb1&#8243; overlay_bgcolor=\u00bbrgba(171,222,220,0.8)\u00bb suffix_background_bgcolor=\u00bbRGBA(0,0,0,0)\u00bb module_link_url_new_window=\u00bb1&#8243; module_id=\u00bboverlay_unique_id_987469415&#8243; module_class=\u00bbdivioverlay-987469415&#8243; _builder_version=\u00bb4.9.1&#8243; _module_preset=\u00bbdefault\u00bb title_suffix_text_color=\u00bb#000000&#8243; title_suffix_font_size=\u00bb49px\u00bb title_suffix_line_height=\u00bb5em\u00bb transform_scale=\u00bb70%|70%\u00bb hover_enabled=\u00bb0&#8243; sticky_enabled=\u00bb0&#8243;]<br \/>\n[\/dizo_image_hover][et_pb_text _builder_version=\u00bb4.9.1&#8243; _module_preset=\u00bbdefault\u00bb header_2_font=\u00bbCatamaran||||||||\u00bb header_2_text_align=\u00bbleft\u00bb header_2_text_color=\u00bb#FFFFFF\u00bb header_3_font=\u00bbCatamaran||on||||||\u00bb header_3_text_align=\u00bbcenter\u00bb header_3_font_size=\u00bb23px\u00bb header_3_letter_spacing=\u00bb1px\u00bb header_3_line_height=\u00bb1.1em\u00bb header_4_font=\u00bbCatamaran|700|||||||\u00bb header_4_text_align=\u00bbcenter\u00bb header_4_font_size=\u00bb30px\u00bb custom_margin=\u00bb-60px|||||\u00bb]<\/p>\n<h4 class=\"et_pb_module_header et-fb-editable-element et-fb-editable-element et-fb-editable-element__editing\" data-shortcode-id=\"1.1.0.0-1616910065008\" data-quickaccess-id=\"header\" contenteditable=\"true\"><span style=\"color: #ffffff;\">Eckhart Campero Casique<\/span><\/h4>\n<h3><span style=\"color: #ffffff;\"><span>Artista y activista<\/span><\/span><\/h3>\n<p>[\/et_pb_text][\/et_pb_column][\/et_pb_row][\/et_pb_section]<\/p>\n","protected":false},"excerpt":{"rendered":"<p>[et_pb_section fb_built=\u00bb1&#8243; _builder_version=\u00bb4.9.1&#8243; _module_preset=\u00bbdefault\u00bb][et_pb_row _builder_version=\u00bb4.9.1&#8243; _module_preset=\u00bbdefault\u00bb][et_pb_column type=\u00bb4_4&#8243; _builder_version=\u00bb4.9.1&#8243; _module_preset=\u00bbdefault\u00bb][et_pb_text _builder_version=\u00bb4.9.1&#8243; _module_preset=\u00bbdefault\u00bb header_font_size=\u00bb50px\u00bb] EQUIPO [\/et_pb_text][\/et_pb_column][\/et_pb_row][\/et_pb_section][et_pb_section fb_built=\u00bb1&#8243; _builder_version=\u00bb4.9.1&#8243; _module_preset=\u00bbdefault\u00bb background_color=\u00bb#54a2ad\u00bb min_height=\u00bb130px\u00bb custom_margin=\u00bb-44px|||||\u00bb][et_pb_row _builder_version=\u00bb4.9.1&#8243; _module_preset=\u00bbdefault\u00bb][et_pb_column type=\u00bb4_4&#8243; _builder_version=\u00bb4.9.1&#8243; _module_preset=\u00bbdefault\u00bb][et_pb_text _builder_version=\u00bb4.9.1&#8243; _module_preset=\u00bbdefault\u00bb header_font=\u00bbCatamaran||||||||\u00bb header_2_font=\u00bbCatamaran||||||||\u00bb header_2_font_size=\u00bb40px\u00bb header_2_letter_spacing=\u00bb1px\u00bb] Conoce al equipo de Bajo Tierra Museo [\/et_pb_text][\/et_pb_column][\/et_pb_row][et_pb_row column_structure=\u00bb1_3,1_3,1_3&#8243; _builder_version=\u00bb4.9.1&#8243; _module_preset=\u00bbdefault\u00bb saved_tabs=\u00bball\u00bb][et_pb_column type=\u00bb1_3&#8243; _builder_version=\u00bb4.9.1&#8243; _module_preset=\u00bbdefault\u00bb][dizo_image_hover image=\u00bbhttps:\/\/bajotierra.com.mx\/bt\/wp-content\/uploads\/2021\/03\/Recurso-4-100-e1616800950317.png\u00bb t_suffix=\u00bb\u00a1Con\u00f3ceme!\u00bb button_url_new_window=\u00bb1&#8243; overlay_bgcolor=\u00bbrgba(171,222,220,0.8)\u00bb suffix_background_bgcolor=\u00bbRGBA(0,0,0,0)\u00bb module_link_url_new_window=\u00bb1&#8243; module_id=\u00bboverlay_unique_id_987467984&#8243; module_class=\u00bboverlay_unique_id_987467984&#8243; _builder_version=\u00bb4.9.1&#8243; [&hellip;]<\/p>\n","protected":false},"author":1,"featured_media":0,"parent":0,"menu_order":0,"comment_status":"closed","ping_status":"closed","template":"","meta":{"_et_pb_use_builder":"on","_et_pb_old_content":"","_et_gb_content_width":""},"_links":{"self":[{"href":"https:\/\/bajotierra.com.mx\/bt\/wp-json\/wp\/v2\/pages\/987467832"}],"collection":[{"href":"https:\/\/bajotierra.com.mx\/bt\/wp-json\/wp\/v2\/pages"}],"about":[{"href":"https:\/\/bajotierra.com.mx\/bt\/wp-json\/wp\/v2\/types\/page"}],"author":[{"embeddable":true,"href":"https:\/\/bajotierra.com.mx\/bt\/wp-json\/wp\/v2\/users\/1"}],"replies":[{"embeddable":true,"href":"https:\/\/bajotierra.com.mx\/bt\/wp-json\/wp\/v2\/comments?post=987467832"}],"version-history":[{"count":37,"href":"https:\/\/bajotierra.com.mx\/bt\/wp-json\/wp\/v2\/pages\/987467832\/revisions"}],"predecessor-version":[{"id":987469417,"href":"https:\/\/bajotierra.com.mx\/bt\/wp-json\/wp\/v2\/pages\/987467832\/revisions\/987469417"}],"wp:attachment":[{"href":"https:\/\/bajotierra.com.mx\/bt\/wp-json\/wp\/v2\/media?parent=987467832"}],"curies":[{"name":"wp","href":"https:\/\/api.w.org\/{rel}","templated":true}]}}