{"id":987467839,"date":"2021-03-28T02:19:17","date_gmt":"2021-03-28T02:19:17","guid":{"rendered":"https:\/\/bajotierra.com.mx\/bt\/?page_id=987467839"},"modified":"2021-11-30T23:36:43","modified_gmt":"2021-11-30T23:36:43","slug":"colaboracion","status":"publish","type":"page","link":"https:\/\/bajotierra.com.mx\/bt\/colaboracion\/","title":{"rendered":"Colaboraci\u00f3n"},"content":{"rendered":"<p>[et_pb_section fb_built=\u00bb1&#8243; _builder_version=\u00bb4.9.1&#8243; _module_preset=\u00bbdefault\u00bb width=\u00bb100%\u00bb min_height=\u00bb650.4px\u00bb custom_margin=\u00bb||35px|||\u00bb custom_padding=\u00bb||0px|0px||\u00bb][et_pb_row _builder_version=\u00bb4.9.1&#8243; _module_preset=\u00bbdefault\u00bb custom_padding=\u00bb||4px|||\u00bb][et_pb_column type=\u00bb4_4&#8243; _builder_version=\u00bb4.9.1&#8243; _module_preset=\u00bbdefault\u00bb][et_pb_text disabled_on=\u00bbon|off|off\u00bb _builder_version=\u00bb4.9.1&#8243; _module_preset=\u00bbdefault\u00bb header_font_size=\u00bb45px\u00bb custom_padding=\u00bb||0px|||\u00bb]<\/p>\n<h1 style=\"text-align: center;\"><strong><span style=\"color: #495030;\">FORMAS DE COLABORACI\u00d3N<\/span><\/strong><\/h1>\n<p>[\/et_pb_text][et_pb_text disabled_on=\u00bboff|on|on\u00bb _builder_version=\u00bb4.9.1&#8243; _module_preset=\u00bbdefault\u00bb header_font_size=\u00bb35px\u00bb custom_padding=\u00bb||0px|||\u00bb]<\/p>\n<h1 style=\"text-align: center;\"><strong><span style=\"color: #495030;\">FORMAS <\/span><\/strong><strong><span style=\"color: #495030;\">DE <\/span><\/strong><strong><span style=\"color: #495030;\">COLABORACI\u00d3N<\/span><\/strong><\/h1>\n<p>[\/et_pb_text][et_pb_text _builder_version=\u00bb4.9.1&#8243; _module_preset=\u00bbdefault\u00bb header_2_font=\u00bb||||||||\u00bb header_2_text_align=\u00bbcenter\u00bb header_2_font_size=\u00bb31px\u00bb min_height=\u00bb36.4px\u00bb custom_padding=\u00bb0px|||||\u00bb]<\/p>\n<h2 style=\"text-align: center;\"><strong><span style=\"color: #4fa3b4;\">Participa en los equipos creativos<\/span><\/strong><\/h2>\n<p>[\/et_pb_text][et_pb_text _builder_version=\u00bb4.9.1&#8243; _module_preset=\u00bbdefault\u00bb header_3_font=\u00bbCatamaran||||||||\u00bb header_3_text_align=\u00bbcenter\u00bb header_3_font_size=\u00bb24px\u00bb header_3_letter_spacing=\u00bb1px\u00bb header_3_line_height=\u00bb1.3em\u00bb]<\/p>\n<h3 style=\"text-align: center;\"><strong><span style=\"color: #45502f;\">Bajo Tierra<\/span><\/strong> es una plataforma horizontal de aprendizaje intergeneracional y<br \/>multidisciplinario con diversas modalidades de participaci\u00f3n. \u00a1Co crea con nosotros en<br \/>algunas de ellas!<\/h3>\n<p>[\/et_pb_text][\/et_pb_column][\/et_pb_row][et_pb_row column_structure=\u00bb1_2,1_2&#8243; module_class=\u00bbpa-text-over-image\u00bb _builder_version=\u00bb4.9.1&#8243; _module_preset=\u00bbdefault\u00bb min_height=\u00bb300.6px\u00bb custom_margin=\u00bb|auto|-176px|auto||\u00bb custom_padding=\u00bb||0px|||\u00bb link_option_url=\u00bbhttps:\/\/bajotierra.com.mx\/bt\/testimonios\/\u00bb][et_pb_column type=\u00bb1_2&#8243; _builder_version=\u00bb4.9.1&#8243; _module_preset=\u00bbdefault\u00bb background_image=\u00bbhttps:\/\/bajotierra.com.mx\/bt\/wp-content\/uploads\/2021\/03\/Recurso-6-100-e1616891849423.jpg\u00bb custom_padding=\u00bb0px||||false|false\u00bb box_shadow_style=\u00bbpreset1&#8243;][et_pb_text _builder_version=\u00bb4.9.1&#8243; _module_preset=\u00bbdefault\u00bb header_2_font=\u00bb|700|||||||\u00bb header_2_text_color=\u00bb#4b4b25&#8243; header_2_font_size=\u00bb30px\u00bb header_3_font=\u00bbCatamaran||||||||\u00bb header_3_font_size=\u00bb23px\u00bb header_3_letter_spacing=\u00bb1px\u00bb header_3_line_height=\u00bb1.3em\u00bb background_color=\u00bbrgba(172,223,236,0.8)\u00bb transform_translate=\u00bb0px|32px\u00bb custom_padding=\u00bb13px||3px|26px|false|false\u00bb]<\/p>\n<h2><strong>Voluntariado<\/strong><\/h2>\n<h3><span style=\"color: #4d6151;\">Pregunta por nuestras modalidades de<\/span><br \/><span style=\"color: #4d6151;\">voluntariado temporal, servicio social o<\/span><br \/><span style=\"color: #4d6151;\">pr\u00e1cticas profesionales. Abrimos equipos<\/span><br \/><span style=\"color: #4d6151;\">semestrales, as\u00ed como para los periodos<\/span><br \/><span style=\"color: #4d6151;\">de verano e invierno.<\/span><\/h3>\n<p>[\/et_pb_text][et_pb_blurb icon_placement=\u00bbleft\u00bb _builder_version=\u00bb4.9.1&#8243; header_level=\u00bbh2&#8243; header_font=\u00bbCatamaran|700|||||||\u00bb header_font_size=\u00bb25px\u00bb body_font=\u00bbCatamaran||||||||\u00bb body_text_color=\u00bb#FFFFFF\u00bb body_font_size=\u00bb10px\u00bb body_letter_spacing=\u00bb3px\u00bb background_color=\u00bb#61825d\u00bb transform_translate=\u00bb0px|-13px\u00bb vertical_offset_tablet=\u00bb0&#8243; horizontal_offset_tablet=\u00bb0&#8243; text_orientation=\u00bbcenter\u00bb custom_margin=\u00bb0px||||false|false\u00bb custom_padding=\u00bb5px||0px||false|false\u00bb z_index_tablet=\u00bb0&#8243; header_text_shadow_style=\u00bbpreset1&#8243; header_text_shadow_vertical_length_tablet=\u00bb0px\u00bb header_text_shadow_blur_strength_tablet=\u00bb1px\u00bb body_text_shadow_style=\u00bbpreset3&#8243; body_text_shadow_horizontal_length=\u00bb0.55em\u00bb body_text_shadow_horizontal_length_tablet=\u00bb0px\u00bb body_text_shadow_vertical_length_tablet=\u00bb0px\u00bb body_text_shadow_blur_strength_tablet=\u00bb1px\u00bb body_link_text_shadow_horizontal_length_tablet=\u00bb0px\u00bb body_link_text_shadow_vertical_length_tablet=\u00bb0px\u00bb body_link_text_shadow_blur_strength_tablet=\u00bb1px\u00bb body_ul_text_shadow_horizontal_length_tablet=\u00bb0px\u00bb body_ul_text_shadow_vertical_length_tablet=\u00bb0px\u00bb body_ul_text_shadow_blur_strength_tablet=\u00bb1px\u00bb body_ol_text_shadow_horizontal_length_tablet=\u00bb0px\u00bb body_ol_text_shadow_vertical_length_tablet=\u00bb0px\u00bb body_ol_text_shadow_blur_strength_tablet=\u00bb1px\u00bb body_quote_text_shadow_horizontal_length_tablet=\u00bb0px\u00bb body_quote_text_shadow_vertical_length_tablet=\u00bb0px\u00bb body_quote_text_shadow_blur_strength_tablet=\u00bb1px\u00bb border_radii=\u00bbon|12px|12px|12px|12px\u00bb border_color_all_image=\u00bbRGBA(0,0,0,0)\u00bb box_shadow_horizontal_tablet=\u00bb0px\u00bb box_shadow_vertical_tablet=\u00bb0px\u00bb box_shadow_blur_tablet=\u00bb40px\u00bb box_shadow_spread_tablet=\u00bb0px\u00bb box_shadow_horizontal_image_tablet=\u00bb0px\u00bb box_shadow_vertical_image_tablet=\u00bb0px\u00bb box_shadow_blur_image_tablet=\u00bb40px\u00bb box_shadow_spread_image_tablet=\u00bb0px\u00bb text_shadow_vertical_length_tablet=\u00bb0px\u00bb text_shadow_blur_strength_tablet=\u00bb1px\u00bb]<\/p>\n<h2 style=\"text-align: center;\"><span style=\"color: #ffffff;\"><strong>Ver testimonios<\/strong><\/span><\/h2>\n<p>[\/et_pb_blurb][\/et_pb_column][et_pb_column type=\u00bb1_2&#8243; _builder_version=\u00bb4.9.1&#8243; _module_preset=\u00bbdefault\u00bb background_image=\u00bbhttps:\/\/bajotierra.com.mx\/bt\/wp-content\/uploads\/2021\/03\/Recurso-7-100.jpg\u00bb custom_padding=\u00bb57px||||false|false\u00bb][et_pb_text _builder_version=\u00bb4.9.1&#8243; _module_preset=\u00bbdefault\u00bb header_2_font=\u00bb|700|||||||\u00bb header_2_text_color=\u00bb#4b4b25&#8243; header_2_font_size=\u00bb30px\u00bb header_3_font=\u00bbCatamaran||||||||\u00bb header_3_font_size=\u00bb23px\u00bb header_3_letter_spacing=\u00bb1px\u00bb header_3_line_height=\u00bb1.3em\u00bb background_color=\u00bbrgba(172,223,236,0.8)\u00bb transform_translate=\u00bb0px|-24px\u00bb custom_margin=\u00bb||0px||false|false\u00bb custom_padding=\u00bb12px|8px|35px|24px|false|false\u00bb]<\/p>\n<h2><strong>Mentor\u00eda<\/strong><\/h2>\n<h3><span style=\"color: #4d6151;\">Dona conocimientos espec\u00edficos asesorando a estudiantes y obt\u00e9n la gratificaci\u00f3n de potenciar tanto sus habilidades como la calidad de las obras.<\/span><\/h3>\n<p>[\/et_pb_text][\/et_pb_column][\/et_pb_row][et_pb_row _builder_version=\u00bb4.9.1&#8243; _module_preset=\u00bbdefault\u00bb][et_pb_column type=\u00bb4_4&#8243; _builder_version=\u00bb4.9.1&#8243; _module_preset=\u00bbdefault\u00bb][et_pb_divider show_divider=\u00bboff\u00bb _builder_version=\u00bb4.9.1&#8243; _module_preset=\u00bbdefault\u00bb][\/et_pb_divider][\/et_pb_column][\/et_pb_row][et_pb_row column_structure=\u00bb1_2,1_2&#8243; module_class=\u00bbpa-text-over-image\u00bb _builder_version=\u00bb4.9.1&#8243; _module_preset=\u00bbdefault\u00bb min_height=\u00bb300.6px\u00bb custom_margin=\u00bb|auto|-172px|auto|false|false\u00bb custom_padding=\u00bb||0px||false|false\u00bb link_option_url=\u00bbhttps:\/\/bajotierra.com.mx\/bt\/testimonios\/\u00bb link_option_url_new_window=\u00bbon\u00bb][et_pb_column type=\u00bb1_2&#8243; _builder_version=\u00bb4.9.1&#8243; _module_preset=\u00bbdefault\u00bb background_image=\u00bbhttps:\/\/bajotierra.com.mx\/bt\/wp-content\/uploads\/2021\/11\/colabora-pasantia.jpg\u00bb custom_padding=\u00bb0px||||false|false\u00bb box_shadow_style=\u00bbpreset1&#8243;][et_pb_text _builder_version=\u00bb4.9.1&#8243; _module_preset=\u00bbdefault\u00bb header_2_font=\u00bb|700|||||||\u00bb header_2_text_color=\u00bb#4b4b25&#8243; header_2_font_size=\u00bb30px\u00bb header_3_font=\u00bbCatamaran||||||||\u00bb header_3_font_size=\u00bb23px\u00bb header_3_letter_spacing=\u00bb1px\u00bb header_3_line_height=\u00bb1.3em\u00bb background_color=\u00bbrgba(172,223,236,0.8)\u00bb transform_translate=\u00bb0px|32px\u00bb custom_padding=\u00bb13px||3px|26px|false|false\u00bb link_option_url_new_window=\u00bbon\u00bb]<\/p>\n<h2><strong>Pasant\u00eda<br \/><\/strong><\/h2>\n<h3><span style=\"color: #4d6151;\"><\/span><span style=\"color: #4d6151;\">Peri\u00f3dicamente abrimos espacios de trabajo con valor curricular para profundizar ejes tem\u00e1ticos de inter\u00e9s desde nuestras diferentes \u00e1reas operativas.<\/span><\/h3>\n<p>[\/et_pb_text][et_pb_blurb icon_placement=\u00bbleft\u00bb _builder_version=\u00bb4.9.1&#8243; header_level=\u00bbh2&#8243; header_font=\u00bbCatamaran|700|||||||\u00bb header_font_size=\u00bb25px\u00bb body_font=\u00bbCatamaran||||||||\u00bb body_text_color=\u00bb#FFFFFF\u00bb body_font_size=\u00bb10px\u00bb body_letter_spacing=\u00bb3px\u00bb background_color=\u00bb#61825d\u00bb transform_translate=\u00bb0px|-13px\u00bb vertical_offset_tablet=\u00bb0&#8243; horizontal_offset_tablet=\u00bb0&#8243; text_orientation=\u00bbcenter\u00bb custom_margin=\u00bb0px||||false|false\u00bb custom_padding=\u00bb5px||0px||false|false\u00bb hover_enabled=\u00bb0&#8243; z_index_tablet=\u00bb0&#8243; header_text_shadow_style=\u00bbpreset1&#8243; header_text_shadow_vertical_length_tablet=\u00bb0px\u00bb header_text_shadow_blur_strength_tablet=\u00bb1px\u00bb body_text_shadow_style=\u00bbpreset3&#8243; body_text_shadow_horizontal_length=\u00bb0.55em\u00bb body_text_shadow_horizontal_length_tablet=\u00bb0px\u00bb body_text_shadow_vertical_length_tablet=\u00bb0px\u00bb body_text_shadow_blur_strength_tablet=\u00bb1px\u00bb body_link_text_shadow_horizontal_length_tablet=\u00bb0px\u00bb body_link_text_shadow_vertical_length_tablet=\u00bb0px\u00bb body_link_text_shadow_blur_strength_tablet=\u00bb1px\u00bb body_ul_text_shadow_horizontal_length_tablet=\u00bb0px\u00bb body_ul_text_shadow_vertical_length_tablet=\u00bb0px\u00bb body_ul_text_shadow_blur_strength_tablet=\u00bb1px\u00bb body_ol_text_shadow_horizontal_length_tablet=\u00bb0px\u00bb body_ol_text_shadow_vertical_length_tablet=\u00bb0px\u00bb body_ol_text_shadow_blur_strength_tablet=\u00bb1px\u00bb body_quote_text_shadow_horizontal_length_tablet=\u00bb0px\u00bb body_quote_text_shadow_vertical_length_tablet=\u00bb0px\u00bb body_quote_text_shadow_blur_strength_tablet=\u00bb1px\u00bb border_radii=\u00bbon|12px|12px|12px|12px\u00bb border_color_all_image=\u00bbRGBA(0,0,0,0)\u00bb box_shadow_horizontal_tablet=\u00bb0px\u00bb box_shadow_vertical_tablet=\u00bb0px\u00bb box_shadow_blur_tablet=\u00bb40px\u00bb box_shadow_spread_tablet=\u00bb0px\u00bb box_shadow_horizontal_image_tablet=\u00bb0px\u00bb box_shadow_vertical_image_tablet=\u00bb0px\u00bb box_shadow_blur_image_tablet=\u00bb40px\u00bb box_shadow_spread_image_tablet=\u00bb0px\u00bb text_shadow_vertical_length_tablet=\u00bb0px\u00bb text_shadow_blur_strength_tablet=\u00bb1px\u00bb sticky_enabled=\u00bb0&#8243;]<\/p>\n<h2 style=\"text-align: center;\"><span style=\"color: #ffffff;\"><strong><a href=\"https:\/\/bajotierra.com.mx\/bt\/testimonios\/\" target=\"_blank\" rel=\"noopener\">Ver testimonios<\/a><\/strong><\/span><\/h2>\n<p>[\/et_pb_blurb][\/et_pb_column][et_pb_column type=\u00bb1_2&#8243; _builder_version=\u00bb4.9.1&#8243; _module_preset=\u00bbdefault\u00bb background_image=\u00bbhttps:\/\/bajotierra.com.mx\/bt\/wp-content\/uploads\/2021\/11\/colabora-intercambio-scaled.jpg\u00bb custom_padding=\u00bb57px||||false|false\u00bb][et_pb_text _builder_version=\u00bb4.9.1&#8243; _module_preset=\u00bbdefault\u00bb header_2_font=\u00bb|700|||||||\u00bb header_2_text_color=\u00bb#4b4b25&#8243; header_2_font_size=\u00bb30px\u00bb header_3_font=\u00bbCatamaran||||||||\u00bb header_3_font_size=\u00bb23px\u00bb header_3_letter_spacing=\u00bb1px\u00bb header_3_line_height=\u00bb1.3em\u00bb background_color=\u00bbrgba(172,223,236,0.8)\u00bb transform_translate=\u00bb0px|-24px\u00bb custom_margin=\u00bb||0px||false|false\u00bb custom_padding=\u00bb12px|8px|35px|24px|false|false\u00bb]<\/p>\n<h2><strong>Intercambio<\/strong><\/h2>\n<h3><span style=\"color: #4d6151;\">Compartimos obras, metodolog\u00edas, mecanismos, investigaciones y recursos en general con otros espacios y agentes creativos.<\/span><\/h3>\n<p>[\/et_pb_text][\/et_pb_column][\/et_pb_row][et_pb_row _builder_version=\u00bb4.9.1&#8243; _module_preset=\u00bbdefault\u00bb][et_pb_column type=\u00bb4_4&#8243; _builder_version=\u00bb4.9.1&#8243; _module_preset=\u00bbdefault\u00bb][et_pb_divider show_divider=\u00bboff\u00bb _builder_version=\u00bb4.9.1&#8243; _module_preset=\u00bbdefault\u00bb][\/et_pb_divider][\/et_pb_column][\/et_pb_row][et_pb_row column_structure=\u00bb1_2,1_2&#8243; _builder_version=\u00bb4.9.1&#8243; _module_preset=\u00bbdefault\u00bb min_height=\u00bb305.4px\u00bb custom_margin=\u00bb0px||||false|false\u00bb custom_padding=\u00bb0px||0px|0px|false|false\u00bb][et_pb_column type=\u00bb1_2&#8243; _builder_version=\u00bb4.9.1&#8243; _module_preset=\u00bbdefault\u00bb background_image=\u00bbhttps:\/\/bajotierra.com.mx\/bt\/wp-content\/uploads\/2021\/03\/Recurso-5-100.jpg\u00bb box_shadow_style=\u00bbpreset1&#8243;][et_pb_text _builder_version=\u00bb4.9.1&#8243; _module_preset=\u00bbdefault\u00bb header_2_font=\u00bb|700|||||||\u00bb header_2_text_color=\u00bb#4b4b25&#8243; header_2_font_size=\u00bb30px\u00bb header_3_font=\u00bbCatamaran||||||||\u00bb header_3_font_size=\u00bb23px\u00bb header_3_letter_spacing=\u00bb1px\u00bb header_3_line_height=\u00bb1.3em\u00bb background_color=\u00bbrgba(172,223,236,0.8)\u00bb transform_translate=\u00bb0px|-35px\u00bb min_height=\u00bb63.6px\u00bb custom_margin=\u00bb83px||||false|false\u00bb custom_padding=\u00bb3px||3px|26px|false|false\u00bb]<\/p>\n<h2><strong>Alianza<\/strong><\/h2>\n<h3><span style=\"color: #4d6151;\">\u00bfEres de alg\u00fan colectivo u organizaci\u00f3n dedicada a temas afines? Unamos fuerzas para potenciar nuestro alcance e impacto a trav\u00e9s de la creaci\u00f3n de obras colaborativas que pueden ser expuestas en el museo.<\/span><\/h3>\n<h2><\/h2>\n<p>[\/et_pb_text][\/et_pb_column][et_pb_column type=\u00bb1_2&#8243; _builder_version=\u00bb4.9.1&#8243; _module_preset=\u00bbdefault\u00bb background_image=\u00bbhttps:\/\/bajotierra.com.mx\/bt\/wp-content\/uploads\/2021\/03\/Recurso-8-100.jpg\u00bb box_shadow_style=\u00bbpreset1&#8243;][et_pb_text _builder_version=\u00bb4.9.1&#8243; _module_preset=\u00bbdefault\u00bb header_2_font=\u00bb|700|||||||\u00bb header_2_text_color=\u00bb#4b4b25&#8243; header_2_font_size=\u00bb30px\u00bb header_3_font=\u00bbCatamaran||||||||\u00bb header_3_font_size=\u00bb23px\u00bb header_3_letter_spacing=\u00bb1px\u00bb header_3_line_height=\u00bb1.3em\u00bb background_color=\u00bbrgba(172,223,236,0.8)\u00bb transform_translate=\u00bb0px|25px\u00bb min_height=\u00bb63.6px\u00bb custom_margin=\u00bb20px||60px|||\u00bb custom_padding=\u00bb3px||65px|26px|false|false\u00bb]<\/p>\n<h2><strong>Asociaci\u00f3n<\/strong><\/h2>\n<h3><span style=\"color: #4d6151;\">Si te interesa pertenecer a la organizaci\u00f3n, ac\u00e9rcate y pregunta por nuestros esquemas de asociaci\u00f3n. <\/span><\/h3>\n<h2><\/h2>\n<p>[\/et_pb_text][\/et_pb_column][\/et_pb_row][et_pb_row module_class=\u00bbpa-text-over-image\u00bb _builder_version=\u00bb4.9.1&#8243; _module_preset=\u00bbdefault\u00bb min_height=\u00bb300.6px\u00bb custom_margin=\u00bb|auto|-176px|auto||\u00bb custom_padding=\u00bb||0px|||\u00bb link_option_url=\u00bbhttps:\/\/bajotierra.com.mx\/bt\/testimonios\/\u00bb][et_pb_column type=\u00bb4_4&#8243; _builder_version=\u00bb3.0.47&#8243; custom_padding=\u00bb|||\u00bb custom_padding__hover=\u00bb|||\u00bb][et_pb_divider _builder_version=\u00bb4.9.1&#8243; vertical_offset_tablet=\u00bb0&#8243; horizontal_offset_tablet=\u00bb0&#8243; custom_padding=\u00bb||29px|||\u00bb z_index_tablet=\u00bb0&#8243; box_shadow_horizontal_tablet=\u00bb0px\u00bb box_shadow_vertical_tablet=\u00bb0px\u00bb box_shadow_blur_tablet=\u00bb40px\u00bb box_shadow_spread_tablet=\u00bb0px\u00bb]<br \/>\n[\/et_pb_divider][\/et_pb_column][\/et_pb_row][et_pb_row _builder_version=\u00bb4.9.1&#8243; _module_preset=\u00bbdefault\u00bb][et_pb_column type=\u00bb4_4&#8243; _builder_version=\u00bb4.9.1&#8243; _module_preset=\u00bbdefault\u00bb][et_pb_text _builder_version=\u00bb4.9.1&#8243; _module_preset=\u00bbdefault\u00bb]<\/p>\n<h2 style=\"text-align: center;\"><span style=\"color: #5fa1a2;\"><strong>Buscamos generar estrategias comunitarias desde esfuerzos diversos<\/strong><\/span><br \/><span style=\"color: #5fa1a2;\"><strong>con rumbos comunes. #\u00a1HagamosTejido!<\/strong><\/span><\/h2>\n<p>[\/et_pb_text][\/et_pb_column][\/et_pb_row][\/et_pb_section]<\/p>\n","protected":false},"excerpt":{"rendered":"<p>[et_pb_section fb_built=\u00bb1&#8243; _builder_version=\u00bb4.9.1&#8243; _module_preset=\u00bbdefault\u00bb width=\u00bb100%\u00bb min_height=\u00bb650.4px\u00bb custom_margin=\u00bb||35px|||\u00bb custom_padding=\u00bb||0px|0px||\u00bb][et_pb_row _builder_version=\u00bb4.9.1&#8243; _module_preset=\u00bbdefault\u00bb custom_padding=\u00bb||4px|||\u00bb][et_pb_column type=\u00bb4_4&#8243; _builder_version=\u00bb4.9.1&#8243; _module_preset=\u00bbdefault\u00bb][et_pb_text disabled_on=\u00bbon|off|off\u00bb _builder_version=\u00bb4.9.1&#8243; _module_preset=\u00bbdefault\u00bb header_font_size=\u00bb45px\u00bb custom_padding=\u00bb||0px|||\u00bb] FORMAS DE COLABORACI\u00d3N [\/et_pb_text][et_pb_text disabled_on=\u00bboff|on|on\u00bb _builder_version=\u00bb4.9.1&#8243; _module_preset=\u00bbdefault\u00bb header_font_size=\u00bb35px\u00bb custom_padding=\u00bb||0px|||\u00bb] FORMAS DE COLABORACI\u00d3N [\/et_pb_text][et_pb_text _builder_version=\u00bb4.9.1&#8243; _module_preset=\u00bbdefault\u00bb header_2_font=\u00bb||||||||\u00bb header_2_text_align=\u00bbcenter\u00bb header_2_font_size=\u00bb31px\u00bb min_height=\u00bb36.4px\u00bb custom_padding=\u00bb0px|||||\u00bb] Participa en los equipos creativos [\/et_pb_text][et_pb_text _builder_version=\u00bb4.9.1&#8243; _module_preset=\u00bbdefault\u00bb header_3_font=\u00bbCatamaran||||||||\u00bb header_3_text_align=\u00bbcenter\u00bb header_3_font_size=\u00bb24px\u00bb header_3_letter_spacing=\u00bb1px\u00bb header_3_line_height=\u00bb1.3em\u00bb] Bajo Tierra es [&hellip;]<\/p>\n","protected":false},"author":1,"featured_media":0,"parent":0,"menu_order":0,"comment_status":"closed","ping_status":"closed","template":"","meta":{"_et_pb_use_builder":"on","_et_pb_old_content":"","_et_gb_content_width":""},"_links":{"self":[{"href":"https:\/\/bajotierra.com.mx\/bt\/wp-json\/wp\/v2\/pages\/987467839"}],"collection":[{"href":"https:\/\/bajotierra.com.mx\/bt\/wp-json\/wp\/v2\/pages"}],"about":[{"href":"https:\/\/bajotierra.com.mx\/bt\/wp-json\/wp\/v2\/types\/page"}],"author":[{"embeddable":true,"href":"https:\/\/bajotierra.com.mx\/bt\/wp-json\/wp\/v2\/users\/1"}],"replies":[{"embeddable":true,"href":"https:\/\/bajotierra.com.mx\/bt\/wp-json\/wp\/v2\/comments?post=987467839"}],"version-history":[{"count":32,"href":"https:\/\/bajotierra.com.mx\/bt\/wp-json\/wp\/v2\/pages\/987467839\/revisions"}],"predecessor-version":[{"id":987468696,"href":"https:\/\/bajotierra.com.mx\/bt\/wp-json\/wp\/v2\/pages\/987467839\/revisions\/987468696"}],"wp:attachment":[{"href":"https:\/\/bajotierra.com.mx\/bt\/wp-json\/wp\/v2\/media?parent=987467839"}],"curies":[{"name":"wp","href":"https:\/\/api.w.org\/{rel}","templated":true}]}}