{"id":987468031,"date":"2021-03-29T06:04:50","date_gmt":"2021-03-29T06:04:50","guid":{"rendered":"https:\/\/bajotierra.com.mx\/bt\/?page_id=987468031"},"modified":"2025-12-23T23:40:53","modified_gmt":"2025-12-23T23:40:53","slug":"herramientas","status":"publish","type":"page","link":"https:\/\/bajotierra.com.mx\/bt\/herramientas\/","title":{"rendered":"InvestigacionAccion"},"content":{"rendered":"<p>[et_pb_section fb_built=\u00bb1&#8243; _builder_version=\u00bb4.9.1&#8243; _module_preset=\u00bbdefault\u00bb][et_pb_row _builder_version=\u00bb4.9.1&#8243; _module_preset=\u00bbdefault\u00bb][et_pb_column type=\u00bb4_4&#8243; _builder_version=\u00bb4.9.1&#8243; _module_preset=\u00bbdefault\u00bb][et_pb_text _builder_version=\u00bb4.9.1&#8243; _module_preset=\u00bbdefault\u00bb header_3_font=\u00bbCatamaran||||||||\u00bb header_3_letter_spacing=\u00bb1px\u00bb header_3_line_height=\u00bb1.3em\u00bb vertical_offset_tablet=\u00bb0&#8243; horizontal_offset_tablet=\u00bb0&#8243; z_index_tablet=\u00bb0&#8243; text_text_shadow_horizontal_length_tablet=\u00bb0px\u00bb text_text_shadow_vertical_length_tablet=\u00bb0px\u00bb text_text_shadow_blur_strength_tablet=\u00bb1px\u00bb link_text_shadow_horizontal_length_tablet=\u00bb0px\u00bb link_text_shadow_vertical_length_tablet=\u00bb0px\u00bb link_text_shadow_blur_strength_tablet=\u00bb1px\u00bb ul_text_shadow_horizontal_length_tablet=\u00bb0px\u00bb ul_text_shadow_vertical_length_tablet=\u00bb0px\u00bb ul_text_shadow_blur_strength_tablet=\u00bb1px\u00bb ol_text_shadow_horizontal_length_tablet=\u00bb0px\u00bb ol_text_shadow_vertical_length_tablet=\u00bb0px\u00bb ol_text_shadow_blur_strength_tablet=\u00bb1px\u00bb quote_text_shadow_horizontal_length_tablet=\u00bb0px\u00bb quote_text_shadow_vertical_length_tablet=\u00bb0px\u00bb quote_text_shadow_blur_strength_tablet=\u00bb1px\u00bb header_text_shadow_horizontal_length_tablet=\u00bb0px\u00bb header_text_shadow_vertical_length_tablet=\u00bb0px\u00bb header_text_shadow_blur_strength_tablet=\u00bb1px\u00bb header_2_text_shadow_horizontal_length_tablet=\u00bb0px\u00bb header_2_text_shadow_vertical_length_tablet=\u00bb0px\u00bb header_2_text_shadow_blur_strength_tablet=\u00bb1px\u00bb header_3_text_shadow_horizontal_length_tablet=\u00bb0px\u00bb header_3_text_shadow_vertical_length_tablet=\u00bb0px\u00bb header_3_text_shadow_blur_strength_tablet=\u00bb1px\u00bb header_4_text_shadow_horizontal_length_tablet=\u00bb0px\u00bb header_4_text_shadow_vertical_length_tablet=\u00bb0px\u00bb header_4_text_shadow_blur_strength_tablet=\u00bb1px\u00bb header_5_text_shadow_horizontal_length_tablet=\u00bb0px\u00bb header_5_text_shadow_vertical_length_tablet=\u00bb0px\u00bb header_5_text_shadow_blur_strength_tablet=\u00bb1px\u00bb header_6_text_shadow_horizontal_length_tablet=\u00bb0px\u00bb header_6_text_shadow_vertical_length_tablet=\u00bb0px\u00bb header_6_text_shadow_blur_strength_tablet=\u00bb1px\u00bb box_shadow_horizontal_tablet=\u00bb0px\u00bb box_shadow_vertical_tablet=\u00bb0px\u00bb box_shadow_blur_tablet=\u00bb40px\u00bb box_shadow_spread_tablet=\u00bb0px\u00bb]<\/p>\n<h3 style=\"text-align: center;\">Descarga aqu\u00ed las gu\u00edas y herramientas derivadas de nuestros procesos de <strong><span style=\"color: #495030;\">investigaci\u00f3n y acci\u00f3n<\/span><\/strong><\/h3>\n<h3 style=\"text-align: center;\">para la defensa territorial.<\/h3>\n<p>[\/et_pb_text][\/et_pb_column][\/et_pb_row][et_pb_row column_structure=\u00bb1_3,1_3,1_3&#8243; _builder_version=\u00bb4.9.1&#8243; _module_preset=\u00bbdefault\u00bb][et_pb_column type=\u00bb1_3&#8243; _builder_version=\u00bb4.9.1&#8243; _module_preset=\u00bbdefault\u00bb][et_pb_image src=\u00bbhttps:\/\/bajotierra.com.mx\/bt\/wp-content\/uploads\/2021\/08\/acaparamientoymercantilizacion.jpeg\u00bb alt=\u00bbportada acaparamiento de lo publico y mercantilizacion de lo comun \u00bb title_text=\u00bbacaparamientoymercantilizacion\u00bb url=\u00bbhttps:\/\/bajotierra.com.mx\/bt\/wp-content\/uploads\/2024\/01\/Final-JUEVES-11-.pdf\u00bb url_new_window=\u00bbon\u00bb _builder_version=\u00bb4.9.1&#8243; _module_preset=\u00bbdefault\u00bb]<br \/>\n[\/et_pb_image][\/et_pb_column][et_pb_column type=\u00bb1_3&#8243; _builder_version=\u00bb4.9.1&#8243; _module_preset=\u00bbdefault\u00bb][et_pb_image src=\u00bbhttps:\/\/bajotierra.com.mx\/bt\/wp-content\/uploads\/2021\/12\/WhatsApp-Image-2021-12-02-at-1.14.33-PM.jpeg\u00bb title_text=\u00bbHistorias que andan dezplazamiento forzado por impactos ambientales en Quer\u00e9taro\u00bb url=\u00bbhttps:\/\/bajotierra.com.mx\/bt\/wp-content\/uploads\/2025\/12\/Historias-Que-Andan.pdf\u00bb url_new_window=\u00bbon\u00bb _builder_version=\u00bb4.9.1&#8243; _module_preset=\u00bbdefault\u00bb hover_enabled=\u00bb0&#8243; sticky_enabled=\u00bb0&#8243;]<br \/>\n[\/et_pb_image][\/et_pb_column][et_pb_column type=\u00bb1_3&#8243; _builder_version=\u00bb4.9.1&#8243; _module_preset=\u00bbdefault\u00bb][et_pb_image src=\u00bbhttps:\/\/bajotierra.com.mx\/bt\/wp-content\/uploads\/2023\/02\/WhatsApp-Image-2023-02-09-at-1.26.54-PM.jpeg\u00bb title_text=\u00bbDerechos humanos para una transici\u00f3n energ\u00e9tica justa\u00bb url=\u00bbhttps:\/\/bajotierra.com.mx\/bt\/wp-content\/uploads\/2024\/02\/Informe-Escazu\u0301-2b.pdf\u00bb url_new_window=\u00bbon\u00bb _builder_version=\u00bb4.9.1&#8243; _module_preset=\u00bbdefault\u00bb vertical_offset_tablet=\u00bb0&#8243; horizontal_offset_tablet=\u00bb0&#8243; z_index_tablet=\u00bb0&#8243; box_shadow_horizontal_tablet=\u00bb0px\u00bb box_shadow_vertical_tablet=\u00bb0px\u00bb box_shadow_blur_tablet=\u00bb40px\u00bb box_shadow_spread_tablet=\u00bb0px\u00bb]<br \/>\n[\/et_pb_image][\/et_pb_column][\/et_pb_row][et_pb_row column_structure=\u00bb1_3,1_3,1_3&#8243; _builder_version=\u00bb4.9.1&#8243; _module_preset=\u00bbdefault\u00bb][et_pb_column type=\u00bb1_3&#8243; _builder_version=\u00bb4.9.1&#8243; _module_preset=\u00bbdefault\u00bb][et_pb_image src=\u00bbhttps:\/\/bajotierra.com.mx\/bt\/wp-content\/uploads\/2021\/11\/portadasbjtmuseoherramientas-02.png\u00bb title_text=\u00bbportada tsunami mobiliario\u00bb url=\u00bbhttps:\/\/bajotierra.com.mx\/bt\/wp-content\/uploads\/2021\/11\/Tsunami-3-pagina.pdf\u00bb url_new_window=\u00bbon\u00bb _builder_version=\u00bb4.9.1&#8243; _module_preset=\u00bbdefault\u00bb]<br \/>\n[\/et_pb_image][\/et_pb_column][et_pb_column type=\u00bb1_3&#8243; _builder_version=\u00bb4.9.1&#8243; _module_preset=\u00bbdefault\u00bb][et_pb_image src=\u00bbhttps:\/\/bajotierra.com.mx\/bt\/wp-content\/uploads\/2021\/11\/portadasbjtmuseoherramientas-03.png\u00bb title_text=\u00bbPortada Sobreexplotaci\u00f3n del agua en la zona metropolitana\u00bb url=\u00bbhttps:\/\/bajotierra.com.mx\/bt\/wp-content\/uploads\/2021\/11\/Lona-privatizacion-agua-3paginas.pdf\u00bb url_new_window=\u00bbon\u00bb _builder_version=\u00bb4.9.1&#8243; _module_preset=\u00bbdefault\u00bb module_alignment=\u00bbright\u00bb]<br \/>\n[\/et_pb_image][\/et_pb_column][et_pb_column type=\u00bb1_3&#8243; _builder_version=\u00bb4.9.1&#8243; _module_preset=\u00bbdefault\u00bb][et_pb_image src=\u00bbhttps:\/\/bajotierra.com.mx\/bt\/wp-content\/uploads\/2023\/06\/Escasez-provocada.jpg\u00bb url=\u00bbhttps:\/\/bajotierra.com.mx\/bt\/wp-content\/uploads\/2024\/09\/Escasez-provocada-1.pdf\u00bb url_new_window=\u00bbon\u00bb _builder_version=\u00bb4.9.1&#8243; vertical_offset_tablet=\u00bb0&#8243; horizontal_offset_tablet=\u00bb0&#8243; z_index_tablet=\u00bb0&#8243; box_shadow_horizontal_tablet=\u00bb0px\u00bb box_shadow_vertical_tablet=\u00bb0px\u00bb box_shadow_blur_tablet=\u00bb40px\u00bb box_shadow_spread_tablet=\u00bb0px\u00bb][\/et_pb_image][\/et_pb_column][\/et_pb_row][et_pb_row column_structure=\u00bb1_3,1_3,1_3&#8243; _builder_version=\u00bb4.9.1&#8243; _module_preset=\u00bbdefault\u00bb][et_pb_column type=\u00bb1_3&#8243; _builder_version=\u00bb4.9.1&#8243; _module_preset=\u00bbdefault\u00bb][et_pb_image src=\u00bbhttps:\/\/bajotierra.com.mx\/bt\/wp-content\/uploads\/2025\/03\/portadaDETERIORO.jpeg\u00bb title_text=\u00bbportadaDETERIORO\u00bb url=\u00bbhttps:\/\/bajotierra.com.mx\/bt\/wp-content\/uploads\/2025\/03\/Informe-Contaminacion-comprimido.pdf\u00bb url_new_window=\u00bbon\u00bb _builder_version=\u00bb4.9.1&#8243; _module_preset=\u00bbdefault\u00bb][\/et_pb_image][\/et_pb_column][et_pb_column type=\u00bb1_3&#8243; _builder_version=\u00bb4.9.1&#8243; _module_preset=\u00bbdefault\u00bb][et_pb_image src=\u00bbhttps:\/\/bajotierra.com.mx\/bt\/wp-content\/uploads\/2021\/06\/manual-reforestacion.jpg\u00bb alt=\u00bbilustraci\u00f3n de una sala con un ajolote que habita la ciudad, en letras y con una lupa %22agua que no vemos%22&#8243; title_text=\u00bbmanual reforestaci\u00f3n\u00bb url=\u00bbhttps:\/\/bajotierra.com.mx\/bt\/wp-content\/uploads\/2022\/05\/Manual-Reforestacion-20.pdf\u00bb url_new_window=\u00bbon\u00bb _builder_version=\u00bb4.9.1&#8243; _module_preset=\u00bbdefault\u00bb module_alignment=\u00bbleft\u00bb]<br \/>\n[\/et_pb_image][\/et_pb_column][et_pb_column type=\u00bb1_3&#8243; _builder_version=\u00bb4.9.1&#8243; _module_preset=\u00bbdefault\u00bb][et_pb_image src=\u00bbhttps:\/\/bajotierra.com.mx\/bt\/wp-content\/uploads\/2021\/10\/WhatsApp-Image-2021-09-30-at-4.33.07-PM.jpeg\u00bb alt=\u00bbIlustraci\u00f3n de tres personas participando en el monitoreo comunitario de aguas contaminadas, al fondo una ciudad.\u00bb title_text=\u00bbGu\u00eda b\u00e1sica para el monitoreo comunitario portada\u00bb url=\u00bbhttps:\/\/bajotierra.com.mx\/bt\/wp-content\/uploads\/2021\/10\/Guia-monitoreo-rios.pdf\u00bb url_new_window=\u00bbon\u00bb _builder_version=\u00bb4.9.1&#8243; _module_preset=\u00bbdefault\u00bb][\/et_pb_image][\/et_pb_column][\/et_pb_row][et_pb_row column_structure=\u00bb1_3,1_3,1_3&#8243; _builder_version=\u00bb4.9.1&#8243; _module_preset=\u00bbdefault\u00bb][et_pb_column type=\u00bb1_3&#8243; _builder_version=\u00bb4.9.1&#8243; _module_preset=\u00bbdefault\u00bb][et_pb_image src=\u00bbhttps:\/\/bajotierra.com.mx\/bt\/wp-content\/uploads\/2021\/12\/btm-herramientas-guia-para-evaluacion-ciudadana.png\u00bb title_text=\u00bbGu\u00eda de evaluaci\u00f3n ciudadana para iniciativas de ley de agua en Quer\u00e9taro\u00bb url=\u00bbhttps:\/\/bajotierra.com.mx\/bt\/wp-content\/uploads\/2021\/12\/Guia-iniciativas-de-ley1.pdf\u00bb url_new_window=\u00bbon\u00bb _builder_version=\u00bb4.9.1&#8243; _module_preset=\u00bbdefault\u00bb][\/et_pb_image][\/et_pb_column][et_pb_column type=\u00bb1_3&#8243; _builder_version=\u00bb4.9.1&#8243; _module_preset=\u00bbdefault\u00bb][et_pb_image src=\u00bbhttps:\/\/bajotierra.com.mx\/bt\/wp-content\/uploads\/2021\/11\/portadasbjtmuseoherramientas-01.png\u00bb title_text=\u00bbportada guia de acompa\u00f1amiento a la denuncia\u00bb url=\u00bbhttps:\/\/bajotierra.com.mx\/bt\/wp-content\/uploads\/2021\/03\/Manual-de-denuncia-1.pdf\u00bb url_new_window=\u00bbon\u00bb _builder_version=\u00bb4.9.1&#8243; _module_preset=\u00bbdefault\u00bb][\/et_pb_image][\/et_pb_column][et_pb_column type=\u00bb1_3&#8243; _builder_version=\u00bb4.9.1&#8243; _module_preset=\u00bbdefault\u00bb][et_pb_image src=\u00bbhttps:\/\/bajotierra.com.mx\/bt\/wp-content\/uploads\/2021\/09\/vercion-vertical.jpg\u00bb alt=\u00bbilustraci\u00f3n de una sala con un ajolote que habita la ciudad, en letras y con una lupa %22agua que no vemos%22&#8243; title_text=\u00bbaguaquenovemosportada\u00bb url=\u00bbhttps:\/\/bajotierra.com.mx\/bt\/wp-content\/uploads\/2021\/09\/aguaquenovemos_final.pdf\u00bb url_new_window=\u00bbon\u00bb _builder_version=\u00bb4.9.1&#8243; _module_preset=\u00bbdefault\u00bb][\/et_pb_image][\/et_pb_column][\/et_pb_row][et_pb_row column_structure=\u00bb1_3,1_3,1_3&#8243; _builder_version=\u00bb4.9.1&#8243; _module_preset=\u00bbdefault\u00bb][et_pb_column type=\u00bb1_3&#8243; _builder_version=\u00bb4.9.1&#8243; _module_preset=\u00bbdefault\u00bb][\/et_pb_column][et_pb_column type=\u00bb1_3&#8243; _builder_version=\u00bb4.9.1&#8243; _module_preset=\u00bbdefault\u00bb][et_pb_image src=\u00bbhttps:\/\/bajotierra.com.mx\/bt\/wp-content\/uploads\/2021\/11\/WhatsApp-Image-2021-11-19-at-1.58.31-PM.jpeg\u00bb alt=\u00bbilustraci\u00f3n de una sala con un ajolote que habita la ciudad, en letras y con una lupa %22agua que no vemos%22&#8243; title_text=\u00bbPortada Historias de Mujeres de agua y tierra\u00bb url=\u00bbhttps:\/\/bajotierra.com.mx\/bt\/wp-content\/uploads\/2021\/11\/historias-de-mujeres-de-agua-y-tierra.pdf\u00bb url_new_window=\u00bbon\u00bb _builder_version=\u00bb4.9.1&#8243; _module_preset=\u00bbdefault\u00bb module_alignment=\u00bbleft\u00bb]<br \/>\n[\/et_pb_image][\/et_pb_column][et_pb_column type=\u00bb1_3&#8243; _builder_version=\u00bb4.9.1&#8243; _module_preset=\u00bbdefault\u00bb][\/et_pb_column][\/et_pb_row][\/et_pb_section]<\/p>\n","protected":false},"excerpt":{"rendered":"<p>[et_pb_section fb_built=\u00bb1&#8243; _builder_version=\u00bb4.9.1&#8243; _module_preset=\u00bbdefault\u00bb][et_pb_row _builder_version=\u00bb4.9.1&#8243; _module_preset=\u00bbdefault\u00bb][et_pb_column type=\u00bb4_4&#8243; _builder_version=\u00bb4.9.1&#8243; _module_preset=\u00bbdefault\u00bb][et_pb_text _builder_version=\u00bb4.9.1&#8243; _module_preset=\u00bbdefault\u00bb header_3_font=\u00bbCatamaran||||||||\u00bb header_3_letter_spacing=\u00bb1px\u00bb header_3_line_height=\u00bb1.3em\u00bb vertical_offset_tablet=\u00bb0&#8243; horizontal_offset_tablet=\u00bb0&#8243; z_index_tablet=\u00bb0&#8243; text_text_shadow_horizontal_length_tablet=\u00bb0px\u00bb text_text_shadow_vertical_length_tablet=\u00bb0px\u00bb text_text_shadow_blur_strength_tablet=\u00bb1px\u00bb link_text_shadow_horizontal_length_tablet=\u00bb0px\u00bb link_text_shadow_vertical_length_tablet=\u00bb0px\u00bb link_text_shadow_blur_strength_tablet=\u00bb1px\u00bb ul_text_shadow_horizontal_length_tablet=\u00bb0px\u00bb ul_text_shadow_vertical_length_tablet=\u00bb0px\u00bb ul_text_shadow_blur_strength_tablet=\u00bb1px\u00bb ol_text_shadow_horizontal_length_tablet=\u00bb0px\u00bb ol_text_shadow_vertical_length_tablet=\u00bb0px\u00bb ol_text_shadow_blur_strength_tablet=\u00bb1px\u00bb quote_text_shadow_horizontal_length_tablet=\u00bb0px\u00bb quote_text_shadow_vertical_length_tablet=\u00bb0px\u00bb quote_text_shadow_blur_strength_tablet=\u00bb1px\u00bb header_text_shadow_horizontal_length_tablet=\u00bb0px\u00bb header_text_shadow_vertical_length_tablet=\u00bb0px\u00bb header_text_shadow_blur_strength_tablet=\u00bb1px\u00bb header_2_text_shadow_horizontal_length_tablet=\u00bb0px\u00bb header_2_text_shadow_vertical_length_tablet=\u00bb0px\u00bb header_2_text_shadow_blur_strength_tablet=\u00bb1px\u00bb header_3_text_shadow_horizontal_length_tablet=\u00bb0px\u00bb header_3_text_shadow_vertical_length_tablet=\u00bb0px\u00bb header_3_text_shadow_blur_strength_tablet=\u00bb1px\u00bb header_4_text_shadow_horizontal_length_tablet=\u00bb0px\u00bb header_4_text_shadow_vertical_length_tablet=\u00bb0px\u00bb header_4_text_shadow_blur_strength_tablet=\u00bb1px\u00bb header_5_text_shadow_horizontal_length_tablet=\u00bb0px\u00bb header_5_text_shadow_vertical_length_tablet=\u00bb0px\u00bb header_5_text_shadow_blur_strength_tablet=\u00bb1px\u00bb header_6_text_shadow_horizontal_length_tablet=\u00bb0px\u00bb header_6_text_shadow_vertical_length_tablet=\u00bb0px\u00bb header_6_text_shadow_blur_strength_tablet=\u00bb1px\u00bb box_shadow_horizontal_tablet=\u00bb0px\u00bb box_shadow_vertical_tablet=\u00bb0px\u00bb box_shadow_blur_tablet=\u00bb40px\u00bb box_shadow_spread_tablet=\u00bb0px\u00bb] Descarga [&hellip;]<\/p>\n","protected":false},"author":1,"featured_media":0,"parent":0,"menu_order":0,"comment_status":"closed","ping_status":"closed","template":"","meta":{"_et_pb_use_builder":"on","_et_pb_old_content":"","_et_gb_content_width":""},"_links":{"self":[{"href":"https:\/\/bajotierra.com.mx\/bt\/wp-json\/wp\/v2\/pages\/987468031"}],"collection":[{"href":"https:\/\/bajotierra.com.mx\/bt\/wp-json\/wp\/v2\/pages"}],"about":[{"href":"https:\/\/bajotierra.com.mx\/bt\/wp-json\/wp\/v2\/types\/page"}],"author":[{"embeddable":true,"href":"https:\/\/bajotierra.com.mx\/bt\/wp-json\/wp\/v2\/users\/1"}],"replies":[{"embeddable":true,"href":"https:\/\/bajotierra.com.mx\/bt\/wp-json\/wp\/v2\/comments?post=987468031"}],"version-history":[{"count":62,"href":"https:\/\/bajotierra.com.mx\/bt\/wp-json\/wp\/v2\/pages\/987468031\/revisions"}],"predecessor-version":[{"id":987469674,"href":"https:\/\/bajotierra.com.mx\/bt\/wp-json\/wp\/v2\/pages\/987468031\/revisions\/987469674"}],"wp:attachment":[{"href":"https:\/\/bajotierra.com.mx\/bt\/wp-json\/wp\/v2\/media?parent=987468031"}],"curies":[{"name":"wp","href":"https:\/\/api.w.org\/{rel}","templated":true}]}}