{"id":987469189,"date":"2023-02-06T16:17:20","date_gmt":"2023-02-06T16:17:20","guid":{"rendered":"https:\/\/bajotierra.com.mx\/bt\/?page_id=987469189"},"modified":"2023-02-06T16:31:58","modified_gmt":"2023-02-06T16:31:58","slug":"el-arte-como-el-hambre","status":"publish","type":"page","link":"https:\/\/bajotierra.com.mx\/bt\/el-arte-como-el-hambre\/","title":{"rendered":"Cinco cosas que no sab\u00edas sobre el museo del agua de la ciudad de Quer\u00e9taro"},"content":{"rendered":"<p><img loading=\"lazy\" class=\"alignnone wp-image-987469190\" src=\"https:\/\/bajotierra.com.mx\/bt\/wp-content\/uploads\/2023\/02\/museo-3.jpg\" alt=\"Poster museo del agua\" width=\"776\" height=\"437\" srcset=\"https:\/\/bajotierra.com.mx\/bt\/wp-content\/uploads\/2023\/02\/museo-3-980x551.jpg 980w, https:\/\/bajotierra.com.mx\/bt\/wp-content\/uploads\/2023\/02\/museo-3-480x270.jpg 480w\" sizes=\"(min-width: 0px) and (max-width: 480px) 480px, (min-width: 481px) and (max-width: 980px) 980px, 100vw\" \/><\/p>\n<h4>Diciembre 29, 2021<\/h4>\n<p class=\"has-luminous-vivid-orange-color has-text-color has-medium-font-size\">\u270fPor: Equipo operativo Bajo Tierra Museo<\/p>\n<p class=\"has-medium-font-size\">El museo del agua de la ciudad de Quer\u00e9taro, fundado en marzo de 2020, es un espacio ciudadano dedicado a la acci\u00f3n por el agua. En su interior la recreaci\u00f3n escenogr\u00e1fica del recorrido del agua en la ciudad te conduce. Si no lo conoces puedes hacerlo entrando a bajotierra.com.mx Si ya lo conoces te presentamos cinco datos que quiz\u00e1 desconoc\u00edas sobre su origen.<\/p>\n<p class=\"has-medium-font-size\">Bajo Tierra naci\u00f3 del encuentro de personas investigadoras alrededor de los hallazgos de cuatro tesis: \u201cHistoria de las gentes y las cosas del Acueducto II de Quer\u00e9taro: emulaci\u00f3n hidr\u00e1ulica, nobleza y negocios\u201d (2015), \u201cAguas suntuarias, aguas tributarias: artificios hidr\u00e1ulicos, fragmentaci\u00f3n urbana y segregaci\u00f3n residencial en la periferia metropolitana Quer\u00e9taro-El Marqu\u00e9s 2000-2017\u201d (2018), \u201cAcceso, distribuci\u00f3n y disponibilidad del agua en la microcuenca San Jos\u00e9 el Alto, Quer\u00e9taro\u201d (2020), \u201cEl agua en la encrucijada de lo com\u00fan: An\u00e1lisis del manejo pol\u00edtico cultural del agua en la Eco zona metropolitana de Quer\u00e9taro\u201d (2021).<\/p>\n<p class=\"has-medium-font-size\">Antes de ser museo, Bajo Tierra fue un proyecto de producci\u00f3n cine-documental originalmente titulado \u201cAguas arriba\u201d, iniciado por un equipo de trece personas, entre ellas el equipo creativo de la casa productora Adem\u00e1n. Derivado del rodaje del documental emergieron por un lado el museo virtual y por otro lado la serie web \u201cCortina de agua.\u201d Puedes encontrar \u00e9sta \u00faltima exhibida en la sala ecos del territorio.<\/p>\n<p class=\"has-medium-font-size\">El logo del museo contiene las palabras \u201cDehe- Xihmai\u201d del \u00f1\u00e4nh\u00fa agua- tierra, en alusi\u00f3n al reconocimiento de los pueblos originarios, as\u00ed como de su papel en la conservaci\u00f3n y defensa del territorio queretano. La sala de exhibiciones cartogr\u00e1ficas, dentro de la galer\u00eda de exposiciones permanentes lleva el mismo nombre.<\/p>\n<p class=\"has-medium-font-size\">El museo se construy\u00f3 y opera de manera totalmente autofinanciada. El quehacer cotidiano es posible gracias a la colaboraci\u00f3n de personas voluntarias dentro de los diferentes equipos de trabajo, en las \u00e1reas de programaci\u00f3n, estudios legales, estudios socio territoriales, museograf\u00eda, divulgaci\u00f3n y vinculaci\u00f3n.<\/p>\n<p class=\"has-medium-font-size\">En Quer\u00e9taro surge esta innovaci\u00f3n digital art\u00edstico-acad\u00e9mica que articula 4 museos en 1. Museo popular en tanto co-creado por el di\u00e1logo de saberes entre la academia y una colectividad. Museo virtual accesible 24 horas, 7 d\u00edas, desde cualquier parte del mundo. Accesible tambi\u00e9n de manera f\u00edsica a trav\u00e9s de las exposiciones del Museo itinerante. Museo territorial enfocado a la reflexi\u00f3n y a la transformaci\u00f3n social. Este 2022 visita Bajo Tierra, el primer museo del agua de la ciudad de Quer\u00e9taro y \u00fanete a la red de acci\u00f3n local para revertir el estado de crisis.<\/p>\n<p class=\"has-vivid-cyan-blue-color has-text-color has-medium-font-size\">\ud83d\udca6 Contacto: bajotierramu@gmail.com<\/p>\n<p class=\"has-medium-font-size\">Visita el museo en:\u00a0<a href=\"http:\/\/bajotierra.com.mx\/recorrido\">bajotierra.com.mx\/recorrido<\/a><\/p>\n<p>&nbsp;<\/p>\n<h5>Originalmente publicado en:\u00a0<a href=\"https:\/\/asterianoticias.com\/cinco-cosas-que-no-sabias-sobre-el-museo-del-agua-de-la-ciudad-de-queretaro\/\">asterianoticias<\/a><\/h5>\n","protected":false},"excerpt":{"rendered":"<p>Diciembre 29, 2021 \u270fPor: Equipo operativo Bajo Tierra Museo El museo del agua de la ciudad de Quer\u00e9taro, fundado en marzo de 2020, es un espacio ciudadano dedicado a la acci\u00f3n por el agua. En su interior la recreaci\u00f3n escenogr\u00e1fica del recorrido del agua en la ciudad te conduce. Si no lo conoces puedes hacerlo [&hellip;]<\/p>\n","protected":false},"author":1,"featured_media":0,"parent":0,"menu_order":0,"comment_status":"closed","ping_status":"closed","template":"","meta":{"_et_pb_use_builder":"","_et_pb_old_content":"","_et_gb_content_width":""},"_links":{"self":[{"href":"https:\/\/bajotierra.com.mx\/bt\/wp-json\/wp\/v2\/pages\/987469189"}],"collection":[{"href":"https:\/\/bajotierra.com.mx\/bt\/wp-json\/wp\/v2\/pages"}],"about":[{"href":"https:\/\/bajotierra.com.mx\/bt\/wp-json\/wp\/v2\/types\/page"}],"author":[{"embeddable":true,"href":"https:\/\/bajotierra.com.mx\/bt\/wp-json\/wp\/v2\/users\/1"}],"replies":[{"embeddable":true,"href":"https:\/\/bajotierra.com.mx\/bt\/wp-json\/wp\/v2\/comments?post=987469189"}],"version-history":[{"count":8,"href":"https:\/\/bajotierra.com.mx\/bt\/wp-json\/wp\/v2\/pages\/987469189\/revisions"}],"predecessor-version":[{"id":987469200,"href":"https:\/\/bajotierra.com.mx\/bt\/wp-json\/wp\/v2\/pages\/987469189\/revisions\/987469200"}],"wp:attachment":[{"href":"https:\/\/bajotierra.com.mx\/bt\/wp-json\/wp\/v2\/media?parent=987469189"}],"curies":[{"name":"wp","href":"https:\/\/api.w.org\/{rel}","templated":true}]}}