{"id":987469198,"date":"2023-02-06T16:31:30","date_gmt":"2023-02-06T16:31:30","guid":{"rendered":"https:\/\/bajotierra.com.mx\/bt\/?page_id=987469198"},"modified":"2023-02-06T16:35:38","modified_gmt":"2023-02-06T16:35:38","slug":"el-arte-como-el-hambre-2","status":"publish","type":"page","link":"https:\/\/bajotierra.com.mx\/bt\/el-arte-como-el-hambre-2\/","title":{"rendered":"El arte como el hambre"},"content":{"rendered":"<p><img loading=\"lazy\" class=\"alignnone wp-image-987469190\" src=\"https:\/\/bajotierra.com.mx\/bt\/wp-content\/uploads\/2023\/02\/museo-3.jpg\" alt=\"Poster museo del agua\" width=\"776\" height=\"437\" srcset=\"https:\/\/bajotierra.com.mx\/bt\/wp-content\/uploads\/2023\/02\/museo-3-980x551.jpg 980w, https:\/\/bajotierra.com.mx\/bt\/wp-content\/uploads\/2023\/02\/museo-3-480x270.jpg 480w\" sizes=\"(min-width: 0px) and (max-width: 480px) 480px, (min-width: 481px) and (max-width: 980px) 980px, 100vw\" \/><\/p>\n<h4>Diciembre 14, 2021<\/h4>\n<p class=\"has-luminous-vivid-orange-color has-text-color has-medium-font-size\">Por: Carlos M. Talavera | Curador de Bajo Tierra Museo<\/p>\n<p class=\"has-medium-font-size\">Quisiera comenzar con un pensamiento: el Arte es m\u00e1s antiguo que la Agricultura, de hecho, posiblemente es de las expresiones humanas m\u00e1s longevas.<\/p>\n<p class=\"has-medium-font-size\">Si me permiten invitarlos a recordar nuestro pasado m\u00e1s lejano, nosotros, como especie humana, llevamos comport\u00e1ndonos como nosotros por cerca de 160,000 a\u00f1os y entre esos comportamientos, encontramos las primeras marcas en piedras con pigmentos naturales, alrededor de 100,000 a\u00f1os, aunque si queremos expresiones o pinturas m\u00e1s en forma, tal vez queramos recordar las de Ubirr, Australia, de hace m\u00e1s de 40,000 a\u00f1os. Y haciendo agricultura, no llevamos m\u00e1s de 12,000 a\u00f1os, s\u00ed, esa base fundamental de la civilizaci\u00f3n humana, no es m\u00e1s vieja que andar rayando las piedras con figuritas.<\/p>\n<p class=\"has-medium-font-size\">Y bueno, \u00bfqu\u00e9 significa esto? Llanamente, que, para nuestra especie, nos es m\u00e1s importante expresarnos que asentarnos y tener un hogar permanente. Y no, no es tan simple como pudiera parecer. Porque nos es m\u00e1s natural estar yendo de lado a lado, movi\u00e9ndonos con las estaciones, buscando comida a trav\u00e9s de los climas, que quedarnos en silencio. Y as\u00ed, expresarnos nos es tan natural, tan biol\u00f3gicamente necesario como el tener hambre. Tambi\u00e9n puede ser una necesidad muy poderosa.<\/p>\n<p class=\"has-medium-font-size\">Siguiendo con este pensamiento, hay una gran cantidad de posibles explicaciones del porqu\u00e9 nos expresamos est\u00e9ticamente, del porqu\u00e9 hacemos arte. Y a pesar de la que m\u00e1s nos parezca o m\u00e1s nos convenza, podemos entender que al final de cuenta nos conviene, es mejor para nosotros hacer arte que no hacerlo, de la misma forma que es mejor para nosotros comer cuando tenemos hambre que no hacerlo.<\/p>\n<p class=\"has-medium-font-size\">El Arte nos hace sentir bien, nos hace sentir cierto placer y bienestar, esa famosa catarsis: la liberaci\u00f3n y porga de nuestras emociones, buenas y malas. Porque cuando nos sentimos mal, ponemos nuestra canci\u00f3n para chillar, porque tenemos una canci\u00f3n para chillar, gritamos la letra y nos sentimos mejor; o tambi\u00e9n ponemos nuestra pel\u00edcula c\u00f3mica basura favorita, nos re\u00edmos como dementes, nos enajenamos por un rato y, s\u00ed, nos sentimos mejor. S\u00ed, esa canci\u00f3n, o esa pel\u00edcula, hace lo mismo que ese chocolate, que ese helado: nos dan confort.<\/p>\n<p class=\"has-medium-font-size\">Pero tambi\u00e9n, siguiendo este pensamiento inicial de la especie humana, no explica realmente por qu\u00e9 hacer arte como un conjunto, porque claro, unos escuchan m\u00fasica, otros juegan futbol y otros salen de viaje. Claro, el arte brinda un beneficio al individuo, pero tambi\u00e9n tendr\u00eda que buscar el beneficio de la especie. Y si han estado en un concierto o festival, ya han pasado por ello.<\/p>\n<p class=\"has-medium-font-size\">El arte nos conecta. En esa liberaci\u00f3n de emociones, en esa aceleraci\u00f3n de adrenalina y dopamina y endorfinas, nos hace m\u00e1s sociales. Porque si realmente nos hace sentir mejor chillar cantando a todo pulm\u00f3n nuestra canci\u00f3n favorita, no se diga lo que puede hacer hacerlo con un grupo de otras personas, sean quienes sean.<\/p>\n<p class=\"has-medium-font-size\">Y, tristemente, esto se nos olvida como especie. Porque si nos ponemos a recordar, en todo lo que hemos vivido, esos grandes momentos de la Historia del Arte, no son momentos solitarios. S\u00ed, tal vez tuvieron un autor, pero no tuvieron nada m\u00e1s una persona en el p\u00fablico. El arte nos conecta. Y compartir arte es tan valioso como compartir el pan. Es llenar ese vac\u00edo natural que est\u00e1 entre nosotros, ese vac\u00edo por la falta de belleza, por la falta de orden o por la falta de sentido.<\/p>\n<p class=\"has-medium-font-size\">As\u00ed, mientras pienso en el arte y la especie humana, recuerdo nuestros momentos de crisis y c\u00f3mo es el arte quien primero aparece y le da alguna especie de claridad. Y volteo a mi alrededor y me doy cuenta del compromiso que tenemos. Y ah\u00ed es donde puedo entender todo.<\/p>\n<p class=\"has-medium-font-size\">Este a\u00f1o, realmente m\u00e1s ca\u00f3tico que el anterior, lo que hicimos en Bajo Tierra Museo no fue desde lo individual. Nos decidimos y esforzarnos por salir del espacio silencioso de lo virtual, a las calles que gritaban con nuestra hambre. Y \u00abCiudades que hablan\u00bb eran los sentimientos y pensamientos de una Caravana Itinerante que recorri\u00f3 toda nuestra ciudad. \u00abRelatos del Territorio\u00bb era una serie de gritos que retumbaban desde \u00abMujeres: Cuerpo-Territorio\u00bb y eran todas esas artistas al un\u00edsono cantando el \u00abColibr\u00ed\u00bb, \u00a1qu\u00e9 bella esa canci\u00f3n! Y el \u00ab\u00c1rbol del Buen Vivir\u00bb fueron los pasos de tantas personas que iban de la mano del Festival: Agua que corre. Cada uno como un esfuerzo en conjunto, un esfuerzo de nuestra especie.<\/p>\n<p class=\"has-medium-font-size\">Y vuelve siempre a ese primer pensamiento: el Arte es m\u00e1s antiguo que la Agricultura. Es m\u00e1s necesario, es m\u00e1s poderoso, nos une m\u00e1s, nos permite conocernos mejor, nos permite cambiar al mundo y cambiar nuestra realidad. Y tambi\u00e9n nos calma el hambre, sobre todo cuando comemos juntos.<\/p>\n<p class=\"has-medium-font-size\">Visita el museo en:\u00a0<a href=\"http:\/\/bajotierra.com.mx\/recorrido\">bajotierra.com.mx\/recorrido<\/a><\/p>\n<p class=\"has-medium-font-size\">\u00a0Contacto: <strong>bajotierramu@gmail.com<\/strong><\/p>\n<p>&nbsp;<\/p>\n<h5>Originalmente publicado en:\u00a0<a href=\"https:\/\/asterianoticias.com\/el-arte-como-el-hambre\/\">asterianoticias<\/a><\/h5>\n","protected":false},"excerpt":{"rendered":"<p>Diciembre 14, 2021 Por: Carlos M. Talavera | Curador de Bajo Tierra Museo Quisiera comenzar con un pensamiento: el Arte es m\u00e1s antiguo que la Agricultura, de hecho, posiblemente es de las expresiones humanas m\u00e1s longevas. Si me permiten invitarlos a recordar nuestro pasado m\u00e1s lejano, nosotros, como especie humana, llevamos comport\u00e1ndonos como nosotros por [&hellip;]<\/p>\n","protected":false},"author":1,"featured_media":0,"parent":0,"menu_order":0,"comment_status":"closed","ping_status":"closed","template":"","meta":{"_et_pb_use_builder":"","_et_pb_old_content":"","_et_gb_content_width":""},"_links":{"self":[{"href":"https:\/\/bajotierra.com.mx\/bt\/wp-json\/wp\/v2\/pages\/987469198"}],"collection":[{"href":"https:\/\/bajotierra.com.mx\/bt\/wp-json\/wp\/v2\/pages"}],"about":[{"href":"https:\/\/bajotierra.com.mx\/bt\/wp-json\/wp\/v2\/types\/page"}],"author":[{"embeddable":true,"href":"https:\/\/bajotierra.com.mx\/bt\/wp-json\/wp\/v2\/users\/1"}],"replies":[{"embeddable":true,"href":"https:\/\/bajotierra.com.mx\/bt\/wp-json\/wp\/v2\/comments?post=987469198"}],"version-history":[{"count":2,"href":"https:\/\/bajotierra.com.mx\/bt\/wp-json\/wp\/v2\/pages\/987469198\/revisions"}],"predecessor-version":[{"id":987469204,"href":"https:\/\/bajotierra.com.mx\/bt\/wp-json\/wp\/v2\/pages\/987469198\/revisions\/987469204"}],"wp:attachment":[{"href":"https:\/\/bajotierra.com.mx\/bt\/wp-json\/wp\/v2\/media?parent=987469198"}],"curies":[{"name":"wp","href":"https:\/\/api.w.org\/{rel}","templated":true}]}}