{"id":987469201,"date":"2023-02-06T16:35:12","date_gmt":"2023-02-06T16:35:12","guid":{"rendered":"https:\/\/bajotierra.com.mx\/bt\/?page_id=987469201"},"modified":"2023-02-06T16:35:12","modified_gmt":"2023-02-06T16:35:12","slug":"el-arte-como-el-hambre-3","status":"publish","type":"page","link":"https:\/\/bajotierra.com.mx\/bt\/el-arte-como-el-hambre-3\/","title":{"rendered":"Las caras de la justicia"},"content":{"rendered":"<p><img loading=\"lazy\" class=\"alignnone wp-image-987469190\" src=\"https:\/\/bajotierra.com.mx\/bt\/wp-content\/uploads\/2023\/02\/museo-3.jpg\" alt=\"Poster museo del agua\" width=\"776\" height=\"437\" srcset=\"https:\/\/bajotierra.com.mx\/bt\/wp-content\/uploads\/2023\/02\/museo-3-980x551.jpg 980w, https:\/\/bajotierra.com.mx\/bt\/wp-content\/uploads\/2023\/02\/museo-3-480x270.jpg 480w\" sizes=\"(min-width: 0px) and (max-width: 480px) 480px, (min-width: 481px) and (max-width: 980px) 980px, 100vw\" \/><\/p>\n<h4>Septiembre 21, 2021<\/h4>\n<p class=\"has-luminous-vivid-orange-color has-text-color has-medium-font-size\">\u270fPor: Miriam Castillo y Claudia Romero | Equipo legal Bajo Tierra Museo del Agua<\/p>\n<p class=\"has-drop-cap has-medium-font-size\">En tiempos de emergencia clim\u00e1tica el significado de la justicia est\u00e1 cambiando. Ya no se puede \u201cseparar\u201d la justicia \u201c<strong>social<\/strong>\u201d de la justicia \u201c<strong>ambiental<\/strong>\u201d. Dos dimensiones de una sola que nunca estuvieron divididas, aunque el<strong> <em>eco-apartheid<\/em><\/strong> as\u00ed les viera. Tampoco puede negarse la dimensi\u00f3n racial, colonial y de clase que ha atravesado la injusticia de todos los tiempos, potencialmente visibles ante esta crisis ecol\u00f3gica.<\/p>\n<p class=\"has-medium-font-size\">Aunque la historia que nos contamos desvincula a los conflictos de su contexto ambiental, su desenlace siempre ha tenido un impacto directo e indirecto en la naturaleza y un origen en el control de sus elementos. Desde los a\u00f1os 60\u2019s, cuando la exigencia por los derechos de las comunidades afrodescendientes pr\u00f3ximas a vertederos t\u00f3xicos comenz\u00f3 en Estados Unidos, hasta las luchas obreras en las Zonas de sacrificio en Chile, o m\u00e1s recientemente en el derrame de lixiviados de cobre en el r\u00edo Sonora, procedente de un represo de la mina de Cananea, <strong>la noci\u00f3n de \u201cjusticia ecol\u00f3gica\u201d se ha ido popularizando y ampliando simult\u00e1neamente.<\/strong><\/p>\n<p class=\"has-medium-font-size\">Hoy, nuestros territorios nos muestran las m\u00faltiples caras de la <strong>injusticia socioambiental<\/strong>. En la sala Ecos del Territorio encontramos los impactos derivados del acaparamiento y mercantilizaci\u00f3n del agua, retratados por el documental \u201c<strong>Feudales del agua<\/strong>\u201d. Tanto \u00e9ste como el mapa \u201c<strong>Monopolios regionales<\/strong>\u201d, son materiales de la investigaci\u00f3n period\u00edstico-acad\u00e9mica Agua Sin Feudos, llevada a cabo entre el Proyecto sobre Organizaci\u00f3n, Desarrollo, Educaci\u00f3n e Investigaci\u00f3n (<a href=\"https:\/\/www.facebook.com\/PODERlatam\/?__cft__%5B0%5D=AZWieO4UzO9fpU1uiM2Myr6PXlM-RYb382ODxJLqku8hm0garpGPe1hBogNQpVAo_JV0RJ_tAiAjOBpJ03o0_oi2fXD1eMDqj_LT4MOx5E_X6IsmxRtQbVFLe5TLwldfUiKZDxQbH4sJixW2yqmceqRP&amp;__tn__=kK-R\">PODER<\/a>), el Laboratorio de Investigaci\u00f3n Period\u00edstica (LABIP) y Bajo Tierra Museo del Agua de Quer\u00e9taro. Las enfermedades y afectaciones provocadas por descargas contaminantes a los r\u00edos de la Zona Metropolitana de Quer\u00e9taro han sido mapeadas por colectivos locales a trav\u00e9s de la obra cartogr\u00e1fica \u201c<strong>Aguas turbias<\/strong>\u201d, exhibida en la sala Nuestros Saberes del museo.<\/p>\n<p class=\"has-medium-font-size\">En la misma sala, el mapa <em><strong>Territorios amenazados<\/strong><\/em> muestra aquellos espacios afectados por tala indebida, incendios provocados y cambio irregular de uso de suelo para proyectos ecocidas de urbanizaci\u00f3n. Cada depredaci\u00f3n ecol\u00f3gica va dejando historias de vida, de las que poco se habla, detr\u00e1s de inundaciones, desecamiento de cuerpos de agua, sequ\u00edas, deslaves, entre otros. Desastres naturalizados que de <em>naturales<\/em> no tienen nada.<\/p>\n<p class=\"has-medium-font-size\">Los crecientes conflictos urbanos ya aparecen, a partir de este a\u00f1o, en el Atlas de Justicia Ambiental (Ej Atlas), instrumento colaborativo internacional que refleja m\u00e1s de 3517 luchas ambientales de todo el planeta. Entre ellos: <a href=\"https:\/\/ejatlas.org\/conflict\/contaminacion-del-rio-san-juan-queretaro-mexico\">la contaminaci\u00f3n del R\u00edo San Juan<\/a>, <a href=\"https:\/\/ejatlas.org\/conflict\/vulnerabilidad-hidrologica-por-cambios-del-uso-del-suelo-en-pena-colorada\">la presi\u00f3n inmobiliaria en Pe\u00f1a Colorada<\/a>, <a href=\"https:\/\/ejatlas.org\/conflict\/depredacion-inmobiliaria-en-el-tangano\">el T\u00e1ngano<\/a>, <a href=\"https:\/\/ejatlas.org\/conflict\/depredacion-ecologica-en-el-cerro-de-el-cimatario\">el Cimatario<\/a> o el <a href=\"https:\/\/ejatlas.org\/conflict\/vulnerabilidad-hidrologica-por-urbanizacion-ilegal\">Zapote<\/a>. Tambi\u00e9n la <a href=\"https:\/\/ejatlas.org\/conflict\/comunidad-el-marquez-queretaro\">privatizaci\u00f3n<\/a>, <a href=\"https:\/\/ejatlas.org\/conflict\/despojo-de-agua-a-comunidades-originarias-en-amealco\">el despojo de agua a las comunidades originarias en Amealco<\/a> y el\u00a0 <a href=\"https:\/\/ejatlas.org\/conflict\/acueducto-ii-agravante-del-conflicto-hidrico-en-queretaro\">Acueducto II<\/a>, mega proyecto agravante del conflicto h\u00eddrico regional.<\/p>\n<p class=\"has-medium-font-size\">Nada m\u00e1s lejano a la realidad de la justicia ecol\u00f3gica que la id\u00edlica defensa de espacios verdes pr\u00edstinos. La justicia comprende contextos pol\u00edticos, econ\u00f3micos, sociales y ecol\u00f3gicos que pueden abordarse desde diversas perspectivas, todas importantes, todas necesarias. Para ello, durante la pasant\u00eda legal de Mayo a Agosto 2021, trabajamos desde el enfoque de derechos, litigio estrat\u00e9gico, defensa territorial, gesti\u00f3n de conflicto y construcci\u00f3n de paz.<\/p>\n<p class=\"has-medium-font-size\">El acceso a la justicia en lo material, en lo concreto, depende tanto de la acci\u00f3n de denuncia como de la evidencia documentada de un entorno sist\u00e9mica y sistem\u00e1ticamente vulnerado. Revisa el archivero ciudadano y el espacio legal dentro del museo y ay\u00fadanos a seguir trabajando por la justicia en la ciudad que es nuestra casa m\u00e1s pr\u00f3xima.<\/p>\n<p class=\"has-vivid-cyan-blue-color has-text-color has-medium-font-size\">\ud83d\udca6 Contacto: bajotierramu@gmail.com<\/p>\n<p class=\"has-medium-font-size\">Visita el museo en:\u00a0<a href=\"http:\/\/bajotierra.com.mx\/recorrido\">bajotierra.com.mx\/recorrido<\/a><\/p>\n<p>&nbsp;<\/p>\n<h5>Originalmente publicado en:\u00a0<a href=\"https:\/\/asterianoticias.com\/las-caras-de-la-justicia\/\">asterianoticias<\/a><\/h5>\n","protected":false},"excerpt":{"rendered":"<p>Septiembre 21, 2021 \u270fPor: Miriam Castillo y Claudia Romero | Equipo legal Bajo Tierra Museo del Agua En tiempos de emergencia clim\u00e1tica el significado de la justicia est\u00e1 cambiando. Ya no se puede \u201cseparar\u201d la justicia \u201csocial\u201d de la justicia \u201cambiental\u201d. Dos dimensiones de una sola que nunca estuvieron divididas, aunque el eco-apartheid as\u00ed les [&hellip;]<\/p>\n","protected":false},"author":1,"featured_media":0,"parent":0,"menu_order":0,"comment_status":"closed","ping_status":"closed","template":"","meta":{"_et_pb_use_builder":"","_et_pb_old_content":"","_et_gb_content_width":""},"_links":{"self":[{"href":"https:\/\/bajotierra.com.mx\/bt\/wp-json\/wp\/v2\/pages\/987469201"}],"collection":[{"href":"https:\/\/bajotierra.com.mx\/bt\/wp-json\/wp\/v2\/pages"}],"about":[{"href":"https:\/\/bajotierra.com.mx\/bt\/wp-json\/wp\/v2\/types\/page"}],"author":[{"embeddable":true,"href":"https:\/\/bajotierra.com.mx\/bt\/wp-json\/wp\/v2\/users\/1"}],"replies":[{"embeddable":true,"href":"https:\/\/bajotierra.com.mx\/bt\/wp-json\/wp\/v2\/comments?post=987469201"}],"version-history":[{"count":2,"href":"https:\/\/bajotierra.com.mx\/bt\/wp-json\/wp\/v2\/pages\/987469201\/revisions"}],"predecessor-version":[{"id":987469203,"href":"https:\/\/bajotierra.com.mx\/bt\/wp-json\/wp\/v2\/pages\/987469201\/revisions\/987469203"}],"wp:attachment":[{"href":"https:\/\/bajotierra.com.mx\/bt\/wp-json\/wp\/v2\/media?parent=987469201"}],"curies":[{"name":"wp","href":"https:\/\/api.w.org\/{rel}","templated":true}]}}