{"id":987469205,"date":"2023-02-06T16:51:44","date_gmt":"2023-02-06T16:51:44","guid":{"rendered":"https:\/\/bajotierra.com.mx\/bt\/?page_id=987469205"},"modified":"2023-02-06T16:55:57","modified_gmt":"2023-02-06T16:55:57","slug":"el-arte-como-el-hambre-4","status":"publish","type":"page","link":"https:\/\/bajotierra.com.mx\/bt\/el-arte-como-el-hambre-4\/","title":{"rendered":"Datos, c\u00e1mara, acci\u00f3n"},"content":{"rendered":"<p><img loading=\"lazy\" class=\"alignnone wp-image-987469190\" src=\"https:\/\/bajotierra.com.mx\/bt\/wp-content\/uploads\/2023\/02\/museo-3.jpg\" alt=\"Poster museo del agua\" width=\"776\" height=\"437\" srcset=\"https:\/\/bajotierra.com.mx\/bt\/wp-content\/uploads\/2023\/02\/museo-3-980x551.jpg 980w, https:\/\/bajotierra.com.mx\/bt\/wp-content\/uploads\/2023\/02\/museo-3-480x270.jpg 480w\" sizes=\"(min-width: 0px) and (max-width: 480px) 480px, (min-width: 481px) and (max-width: 980px) 980px, 100vw\" \/><\/p>\n<h4>Septiembre 15, 2021<\/h4>\n<p class=\"has-luminous-vivid-orange-color has-text-color has-medium-font-size\">\u270fPor: Equipo Organizador del Hidro Fest 2021<\/p>\n<p class=\"has-drop-cap has-medium-font-size\"><strong>A finales de 2018 un peque\u00f1o equipo con un mundo de informaci\u00f3n y un par de c\u00e1maras se reun\u00eda para planear el documental<\/strong> <em>Aguas arriba (Upstream),<\/em> como estrategia para alertar a la poblaci\u00f3n queretana sobre las din\u00e1micas detr\u00e1s del creciente estr\u00e9s h\u00eddrico de la ciudad. Investigaciones en mano, <strong>iniciaba el proceso creativo para escribir el gui\u00f3n de un material de impacto que acompa\u00f1ar\u00eda la acci\u00f3n social hacia el cuidado y la defensa del agua<\/strong>. El plan era que a trav\u00e9s de una narrativa transmedia las historias documentadas pudieran seguirse escribiendo fuera de la pantalla y en m\u00faltiples formatos.<\/p>\n<blockquote class=\"wp-block-quote is-style-large\"><p>Meses despu\u00e9s, en marzo de 2020, <strong>nueve salas, con m\u00e1s de siete exposiciones y 51 obras animadas, musicales, perform\u00e1ticas, fotogr\u00e1ficas o cartogr\u00e1ficas dar\u00edan vida al primer museo virtual del agua de Quer\u00e9taro: Bajo Tierra<\/strong>. El documental con el que todo inici\u00f3 se convirti\u00f3 en docu serie: Cortina de agua, realizado por Adem\u00e1n. <strong>Se estren\u00f3 en enero del siguiente a\u00f1o<\/strong>, abriendo camino a la sala Ecos del Territorio del museo.<\/p><\/blockquote>\n<p class=\"has-medium-font-size\">Este verano <strong>un grupo de investigadores(as) y profesionistas del agua nos reunimos con la idea de iniciar una conversaci\u00f3n informal sobre las problem\u00e1ticas asociada<\/strong>s a \u00e9sta en un espacio que permitiera el intercambio horizontal de ideas y propuestas. As\u00ed naci\u00f3 <strong>el Hidro Fest, primer festival documental autogestivo lanzado desde Bajo Tierra Museo<\/strong>.<\/p>\n<p class=\"has-medium-font-size\">La capacidad del cine documental para <strong>exponer m\u00faltiples voces y puntos de vista, nos permite una visi\u00f3n m\u00e1s completa de la complejidad en la gesti\u00f3n urbana del agua<\/strong>. Pensamos que el documental no tiene que ser un producto de audiencia especializada ni el entretenimiento una actividad social desvinculada del conocimiento. <strong>Incluimos material de muy buena calidad, tanto local como nacional<\/strong>, que merece ser difundido, pero es mucho menos visto que otro tipo de producci\u00f3n cinematogr\u00e1fica. Cada semana se abri\u00f3 discusi\u00f3n colectiva agrupando las problem\u00e1ticas vigentes en Quer\u00e9taro <strong>en tem\u00e1ticas como escasez provocada, conflictos hidro urbanos, agua en la ciudad, memoria y resiliencia<\/strong>.<\/p>\n<p class=\"has-medium-font-size\"><strong>Durante el festival,\u00a0 una audiencia inquieta y entusiasta nos mostr\u00f3 lo necesaria y urgente que sigue siendo ampliar esta conversaci\u00f3n m\u00e1s all\u00e1 de los espacios acad\u00e9micos y de lucha ambiental<\/strong>. Coincidimos con muchas personas interesadas en elevar su comprensi\u00f3n sobre la situaci\u00f3n del agua, hacer redes organizativas y aportar ideas para revertir la crisis h\u00eddrica, haciendo parte de la toma de decisiones a nivel casa, colonia, ciudad.<\/p>\n<p class=\"has-medium-font-size\">Nuevamente el cine documental, que est\u00e1 en la entra\u00f1a de <strong>Bajo Tierra Museo, marca camino al horizonte de la hoy tambi\u00e9n plataforma de acci\u00f3n territorial<\/strong>. Esperen noticias pr\u00f3ximamente del resultado de esta edici\u00f3n y esperamos encontrarles en el <strong>Hidro Fest 2022<\/strong>.<\/p>\n<p class=\"has-vivid-cyan-blue-color has-text-color has-medium-font-size\">\ud83d\udca6 Contacto: bajotierramu@gmail.com<\/p>\n<p class=\"has-medium-font-size\">Visita el museo en:\u00a0<a href=\"http:\/\/bajotierra.com.mx\/recorrido\">bajotierra.com.mx\/recorrido<\/a><\/p>\n<p>&nbsp;<\/p>\n<h5>Originalmente publicado en:\u00a0<a href=\"https:\/\/asterianoticias.com\/datos-camara-accion\/\">asterianoticias<\/a><\/h5>\n","protected":false},"excerpt":{"rendered":"<p>Septiembre 15, 2021 \u270fPor: Equipo Organizador del Hidro Fest 2021 A finales de 2018 un peque\u00f1o equipo con un mundo de informaci\u00f3n y un par de c\u00e1maras se reun\u00eda para planear el documental Aguas arriba (Upstream), como estrategia para alertar a la poblaci\u00f3n queretana sobre las din\u00e1micas detr\u00e1s del creciente estr\u00e9s h\u00eddrico de la ciudad. [&hellip;]<\/p>\n","protected":false},"author":1,"featured_media":0,"parent":0,"menu_order":0,"comment_status":"closed","ping_status":"closed","template":"","meta":{"_et_pb_use_builder":"","_et_pb_old_content":"","_et_gb_content_width":""},"_links":{"self":[{"href":"https:\/\/bajotierra.com.mx\/bt\/wp-json\/wp\/v2\/pages\/987469205"}],"collection":[{"href":"https:\/\/bajotierra.com.mx\/bt\/wp-json\/wp\/v2\/pages"}],"about":[{"href":"https:\/\/bajotierra.com.mx\/bt\/wp-json\/wp\/v2\/types\/page"}],"author":[{"embeddable":true,"href":"https:\/\/bajotierra.com.mx\/bt\/wp-json\/wp\/v2\/users\/1"}],"replies":[{"embeddable":true,"href":"https:\/\/bajotierra.com.mx\/bt\/wp-json\/wp\/v2\/comments?post=987469205"}],"version-history":[{"count":1,"href":"https:\/\/bajotierra.com.mx\/bt\/wp-json\/wp\/v2\/pages\/987469205\/revisions"}],"predecessor-version":[{"id":987469206,"href":"https:\/\/bajotierra.com.mx\/bt\/wp-json\/wp\/v2\/pages\/987469205\/revisions\/987469206"}],"wp:attachment":[{"href":"https:\/\/bajotierra.com.mx\/bt\/wp-json\/wp\/v2\/media?parent=987469205"}],"curies":[{"name":"wp","href":"https:\/\/api.w.org\/{rel}","templated":true}]}}