{"id":987469212,"date":"2023-02-06T17:03:00","date_gmt":"2023-02-06T17:03:00","guid":{"rendered":"https:\/\/bajotierra.com.mx\/bt\/?page_id=987469212"},"modified":"2023-02-06T17:03:00","modified_gmt":"2023-02-06T17:03:00","slug":"el-arte-como-el-hambre-5-2","status":"publish","type":"page","link":"https:\/\/bajotierra.com.mx\/bt\/el-arte-como-el-hambre-5-2\/","title":{"rendered":"Dibujando el territorio"},"content":{"rendered":"<p><img loading=\"lazy\" class=\"alignnone wp-image-987469208\" src=\"https:\/\/bajotierra.com.mx\/bt\/wp-content\/uploads\/2023\/02\/CLAUDIA.jpg\" alt=\"\" width=\"835\" height=\"470\" \/><\/p>\n<h4>Mayo 7, 2021<\/h4>\n<p class=\"has-luminous-vivid-orange-color has-text-color has-medium-font-size\">Por: Cecilia Robles | coordinadora de estudios territoriales de Bajo Tierra Museo<\/p>\n<p class=\"has-medium-font-size\">El quehacer cartogr\u00e1fico que se ha generado desde Bajo Tierra Museo, refleja los rastros de las interacciones del desarrollo de la Zona Metropolitana de Quer\u00e9taro y los ecosistemas naturales que a\u00fan existen y resisten en la ciudad.<\/p>\n<p class=\"has-medium-font-size\">El mapeo y registro de eventos que da\u00f1an el equilibrio de las zonas de importancia ecol\u00f3gica, permiten dimensionar la incidencia, intensidad y ubicaci\u00f3n de los eventos; monitorear el proceso de denuncia ciudadana y tener un referente espacial, digital e interactivo de las problem\u00e1ticas. De ah\u00ed que, las obras exhibidas en la secci\u00f3n <em>Dehe Xhimai del museo, <\/em>est\u00e9n entrelazadas y se explique una a la otra.<\/p>\n<p class=\"has-medium-font-size\"><em>Tsunami inmobiliario<\/em> creada en colaboraci\u00f3n con Geocomunes, visibiliza los territorios que han sido afectados por el crecimiento desordenado de la mancha urbana y el despojo de bienes naturales, v\u00eda proyectos de urbanizaci\u00f3n, zonas industriales y vialidades expansivas de la ciudad que han ganado territorio de las zonas agr\u00edcolas, forestales y de recarga de los mantos acu\u00edferos. Proyectos que, adem\u00e1s retornan el agua contaminada al ciclo h\u00eddrico, como se muestra en la obra colaborativa <em>Aguas Turbias.<\/em><\/p>\n<p class=\"has-medium-font-size\">Esos procesos de urbanizaci\u00f3n se abren paso, entre otras formas, mediante incendios, desmonte de vegetaci\u00f3n de los cerros y cambios de uso de suelo ilegales; pr\u00e1cticas que se han georreferenciado en el mapa <em>Territorios amenazados; <\/em>que,<em> e<\/em>n respuesta, busca divulgar los l\u00edmites de las zonas bajo alguna categor\u00eda de protecci\u00f3n legal, demandar su cuidado y generar un frente de denuncia organizada.<\/p>\n<p class=\"has-medium-font-size\">Paralelamente, la privatizaci\u00f3n del agua es territorializada en el mapa <em>Monopolios regionales del agua y <\/em>el desplazamiento forzado derivado de la crisis h\u00eddrica en el mapa <em>Historias que andan<\/em>.<\/p>\n<p class=\"has-medium-font-size\">Son algunos de los trabajos de cartograf\u00eda animada e interactiva expuestos en la sala de exposiciones permanentes del museo. Estas obras est\u00e1n en constante actualizaci\u00f3n, se construyen de la denuncia y preocupaci\u00f3n de la ciudadan\u00eda que investiga y expone; pero, sobre todo, se organiza para hacer frente, atender y resarcir los da\u00f1os causados al ambiente. El mapeo colaborativo y los sistemas de informaci\u00f3n geogr\u00e1fica son herramientas que hemos adoptado para defender y re-escribir los territorios que habitamos. Buscamos apropiarnos de la producci\u00f3n cartogr\u00e1fica y responsabilizarnos del cuidado de los territorios que nos atraviesan. El ejercicio de mapear y redise\u00f1ar las lecturas cartogr\u00e1ficas es clave para la acci\u00f3n ambiental, como reci\u00e9n lo vimos en el <em>Encuentro Autogestivo Carto-graf\u00edas de lo com\u00fan para la defensa territorial. <\/em>Conoce m\u00e1s en: <a href=\"http:\/\/bajotierra.com.mx\/\">http:\/\/bajotierra.com.mx\/<\/a><\/p>\n<p class=\"has-vivid-cyan-blue-color has-text-color has-medium-font-size\">\ud83d\udca6 Contacto: bajotierramu@gmail.com<\/p>\n<p class=\"has-medium-font-size\">Visita el museo en:\u00a0<a href=\"http:\/\/bajotierra.com.mx\/recorrido\">bajotierra.com.mx\/recorrido<\/a><\/p>\n<p>&nbsp;<\/p>\n<h5>Originalmente publicado en:\u00a0<a href=\"https:\/\/asterianoticias.com\/dibujando-el-territorio\/\">asterianoticias<\/a><\/h5>\n","protected":false},"excerpt":{"rendered":"<p>Mayo 7, 2021 Por: Cecilia Robles | coordinadora de estudios territoriales de Bajo Tierra Museo El quehacer cartogr\u00e1fico que se ha generado desde Bajo Tierra Museo, refleja los rastros de las interacciones del desarrollo de la Zona Metropolitana de Quer\u00e9taro y los ecosistemas naturales que a\u00fan existen y resisten en la ciudad. El mapeo y [&hellip;]<\/p>\n","protected":false},"author":1,"featured_media":0,"parent":0,"menu_order":0,"comment_status":"closed","ping_status":"closed","template":"","meta":{"_et_pb_use_builder":"","_et_pb_old_content":"","_et_gb_content_width":""},"_links":{"self":[{"href":"https:\/\/bajotierra.com.mx\/bt\/wp-json\/wp\/v2\/pages\/987469212"}],"collection":[{"href":"https:\/\/bajotierra.com.mx\/bt\/wp-json\/wp\/v2\/pages"}],"about":[{"href":"https:\/\/bajotierra.com.mx\/bt\/wp-json\/wp\/v2\/types\/page"}],"author":[{"embeddable":true,"href":"https:\/\/bajotierra.com.mx\/bt\/wp-json\/wp\/v2\/users\/1"}],"replies":[{"embeddable":true,"href":"https:\/\/bajotierra.com.mx\/bt\/wp-json\/wp\/v2\/comments?post=987469212"}],"version-history":[{"count":1,"href":"https:\/\/bajotierra.com.mx\/bt\/wp-json\/wp\/v2\/pages\/987469212\/revisions"}],"predecessor-version":[{"id":987469213,"href":"https:\/\/bajotierra.com.mx\/bt\/wp-json\/wp\/v2\/pages\/987469212\/revisions\/987469213"}],"wp:attachment":[{"href":"https:\/\/bajotierra.com.mx\/bt\/wp-json\/wp\/v2\/media?parent=987469212"}],"curies":[{"name":"wp","href":"https:\/\/api.w.org\/{rel}","templated":true}]}}