{"id":987469271,"date":"2023-04-22T18:50:32","date_gmt":"2023-04-22T18:50:32","guid":{"rendered":"https:\/\/bajotierra.com.mx\/bt\/?page_id=987469271"},"modified":"2023-04-22T18:50:32","modified_gmt":"2023-04-22T18:50:32","slug":"el-arte-como-el-hambre-4-2","status":"publish","type":"page","link":"https:\/\/bajotierra.com.mx\/bt\/el-arte-como-el-hambre-4-2\/","title":{"rendered":"\u00bfConocimiento para qu\u00e9? \u00bfpara qui\u00e9n?"},"content":{"rendered":"<p><img loading=\"lazy\" class=\"alignnone wp-image-987469190\" src=\"https:\/\/bajotierra.com.mx\/bt\/wp-content\/uploads\/2023\/02\/museo-3.jpg\" alt=\"Poster museo del agua\" width=\"776\" height=\"437\" srcset=\"https:\/\/bajotierra.com.mx\/bt\/wp-content\/uploads\/2023\/02\/museo-3-980x551.jpg 980w, https:\/\/bajotierra.com.mx\/bt\/wp-content\/uploads\/2023\/02\/museo-3-480x270.jpg 480w\" sizes=\"(min-width: 0px) and (max-width: 480px) 480px, (min-width: 481px) and (max-width: 980px) 980px, 100vw\" \/><\/p>\n<h4><\/h4>\n<p class=\"has-luminous-vivid-orange-color has-text-color has-medium-font-size\">\u270fPor: Karla Olvera, Coordinadora de divulgaci\u00f3n y comunicaci\u00f3n de Bajo Tierra Museo<\/p>\n<p>Bien dicen que el conocimiento es poder, por lo tanto, no es sorpresa que la informaci\u00f3n o la educaci\u00f3n no est\u00e9n al acceso de todas las personas, solo para aquellas que puedan pagarlo. Sin embargo, aunque tengamos la fortuna de asistir a la escuela o ingresar a una universidad, nos enfrentamos con un sistema regido por el poder y el dinero que condicionan qu\u00e9 aprendemos y c\u00f3mo generamos conocimiento. La mayor\u00eda de las universidades o instituciones, especialmente aquellas que realizan investigaci\u00f3n, trabajan bajo un enfoque euroc\u00e9ntrico, patriarcal, colonialista, y desde un punto de vista externo, y si no somos cr\u00edticos como profesores, alumnos o investigadores, podemos caer en la trampa y replicarlo.<span class=\"Apple-converted-space\">\u00a0<\/span><\/p>\n<p>En universidades e instituciones acad\u00e9micas hay grupos de investigaci\u00f3n horizontales, emp\u00e1ticos y situados, que buscan investigar y actuar de forma cr\u00edtica y congruente. Pero tambi\u00e9n hay grupos jer\u00e1rquicos, acaparadores y explotadores. Es una pr\u00e1ctica com\u00fan que estos n\u00facleos acad\u00e9micos, ya sea de ciencias exactas o sociales, caigan en un extractivismo acad\u00e9mico. Es decir, en sus investigaciones van a un \u00e1rea natural, rural o urbana, donde hay comunidades, ejidos o n\u00facleos agrarios con sus din\u00e1micas propias a extraer informaci\u00f3n sobre la biodiversidad, usos y costumbres o problem\u00e1ticas para publicar en alguna revista cient\u00edfica. En algunos casos para acceder a esa informaci\u00f3n tienes que pagar a la revista (que, por cierto, la mayor\u00eda se redactan en ingl\u00e9s) y muchas veces las comunidades no son retribuidas por su conocimiento ni se les reconoce su papel como sujetos de acci\u00f3n.<\/p>\n<p>De manera similar, nos enfrentamos al hermetismo de las instituciones, especialmente de las gubernamentales, a pesar de estar obligados a compartir informaci\u00f3n cuando se les solicita. A inicios del 2019, en la ciudad de Quer\u00e9taro se comenz\u00f3 la construcci\u00f3n de un eje vial en Av. Zaragoza en el que se tendr\u00edan que trasplantar varios \u00e1rboles. Sin embargo, la administraci\u00f3n de Francisco Dom\u00ednguez y las anteriores han talado injustificadamente much\u00edsimos \u00e1rboles en la ciudad, por lo que la ciudadan\u00eda comenz\u00f3 a organizarse y protestar en contra de la obra. Cuando varias compa\u00f1eras activistas ambientales solicitaron los estudios t\u00e9cnicos justificativos a las instituciones gubernamentales, \u00e9stas respondieron que para obtener esa informaci\u00f3n deb\u00edan pagar un monto de $100,023 pesos.<span class=\"Apple-converted-space\">\u00a0<\/span><\/p>\n<p>Esta es nuestra situaci\u00f3n en la ciudad de Quer\u00e9taro y en el pa\u00eds; el conocimiento se reserva para los pocos que pueden pagar por \u00e9l o por una educaci\u00f3n universitaria. Hay tantas instituciones gubernamentales y educativas con financiamiento p\u00fablico que generan informaci\u00f3n que se queda en tesis, bibliotecas, reportes, informes y archiveros cuando deber\u00eda llegar a la sociedad. Por eso, cuando nos conocimos durante nuestras respectivas investigaciones en torno al agua, inmediatamente coincidimos que la informaci\u00f3n que est\u00e1bamos recabando ten\u00eda que salir de las tesis y de las aulas hacia las calles y la sociedad. As\u00ed surgi\u00f3 Bajo Tierra Museo, desde el objetivo y deseo de poner el conocimiento popular y acad\u00e9mico al alcance de la sociedad, y as\u00ed, tomar acciones cr\u00edticas e informadas en torno a las problem\u00e1ticas del agua y las \u00e1reas naturales de nuestra ciudad.<\/p>\n<p>Es ingenuo pensar que el conocimiento se genera sin otro fin m\u00e1s que el de llenar vac\u00edos. La ciencia y la investigaci\u00f3n no son neutros, tienen tanto que ver con la creaci\u00f3n e impulso de discursos de privatizaci\u00f3n del agua o implementaci\u00f3n de proyectos extractivistas bajo el estandarte del progreso y desarrollo. Quienes tuvimos la fortuna de acceder a una educaci\u00f3n universitaria tenemos la obligaci\u00f3n de cuestionar lo que aprendemos y hacemos en estos espacios. Tenemos que estar situados en nuestra realidad para poder transformarla.<span class=\"Apple-converted-space\">\u00a0<\/span><\/p>\n<p>Necesitamos reemplazar el academicismo euroc\u00e9ntrico, clasista y extractivista por una construcci\u00f3n colectiva, politizada y horizontal del conocimiento, donde el saber popular interact\u00fae con el saber cient\u00edfico. Pero tambi\u00e9n necesitamos eliminar la idea de que el flujo de informaci\u00f3n, o la educaci\u00f3n, ocurre en un solo sentido: de los que tienen el conocimiento hacia los que no, como si fueran un recipiente vac\u00edo que hay que llenar. Cuando en realidad es un di\u00e1logo, es un proceso de dos, tres, diez o m\u00e1s sentidos.<\/p>\n<p>Eso es a lo que apostamos en Bajo Tierra. Creemos que todo conocimiento es valioso y v\u00e1lido: desde las memorias que los habitantes tienen sobre el r\u00edo Quer\u00e9taro, hasta los par\u00e1metros f\u00edsico-qu\u00edmicos de sus aguas o la delimitaci\u00f3n geogr\u00e1fica de la cuenca donde fluye. Y creemos que todos y todas pueden hacer investigaci\u00f3n. De ah\u00ed la importancia y urgencia que tienen la iniciativa de monitoreo comunitario de descargas ilegales en los r\u00edos o el monitoreo de tala, incendios y destrucci\u00f3n de \u00e1reas naturales de la ciudad. O la documentaci\u00f3n de conflictos socioambientales en Quer\u00e9taro en el Atlas de Justicia Ambiental, como el despojo de agua en Santiago Mexquititl\u00e1n en Amealco o la privatizaci\u00f3n del servicio de agua potable en La Pradera. Aqu\u00ed entre todos y todas investigamos, nos informamos y organizamos para crear una ciudad m\u00e1s justa. Explora este museo creado por m\u00e1s de 130 personas y si\u00e9ntete libre a colaborar con informaci\u00f3n, obras audiovisuales, pintura, poes\u00eda o m\u00fasica. Trabajemos por la creaci\u00f3n de conocimientos diversos y cr\u00edticos al alcance de todos y todas.<\/p>\n<p class=\"has-vivid-cyan-blue-color has-text-color has-medium-font-size\">\ud83d\udca6 Contacto: bajotierramu@gmail.com<\/p>\n<p class=\"has-medium-font-size\">Visita el museo en:\u00a0<a href=\"http:\/\/bajotierra.com.mx\/recorrido\">bajotierra.com.mx\/recorrido<\/a><\/p>\n<p>&nbsp;<\/p>\n<h5>Originalmente publicado en:\u00a0<a href=\"https:\/\/asterianoticias.com\/datos-camara-accion\/\">asterianoticias<\/a><\/h5>\n","protected":false},"excerpt":{"rendered":"<p>\u270fPor: Karla Olvera, Coordinadora de divulgaci\u00f3n y comunicaci\u00f3n de Bajo Tierra Museo Bien dicen que el conocimiento es poder, por lo tanto, no es sorpresa que la informaci\u00f3n o la educaci\u00f3n no est\u00e9n al acceso de todas las personas, solo para aquellas que puedan pagarlo. Sin embargo, aunque tengamos la fortuna de asistir a la [&hellip;]<\/p>\n","protected":false},"author":1,"featured_media":0,"parent":0,"menu_order":0,"comment_status":"closed","ping_status":"closed","template":"","meta":{"_et_pb_use_builder":"","_et_pb_old_content":"","_et_gb_content_width":""},"_links":{"self":[{"href":"https:\/\/bajotierra.com.mx\/bt\/wp-json\/wp\/v2\/pages\/987469271"}],"collection":[{"href":"https:\/\/bajotierra.com.mx\/bt\/wp-json\/wp\/v2\/pages"}],"about":[{"href":"https:\/\/bajotierra.com.mx\/bt\/wp-json\/wp\/v2\/types\/page"}],"author":[{"embeddable":true,"href":"https:\/\/bajotierra.com.mx\/bt\/wp-json\/wp\/v2\/users\/1"}],"replies":[{"embeddable":true,"href":"https:\/\/bajotierra.com.mx\/bt\/wp-json\/wp\/v2\/comments?post=987469271"}],"version-history":[{"count":1,"href":"https:\/\/bajotierra.com.mx\/bt\/wp-json\/wp\/v2\/pages\/987469271\/revisions"}],"predecessor-version":[{"id":987469272,"href":"https:\/\/bajotierra.com.mx\/bt\/wp-json\/wp\/v2\/pages\/987469271\/revisions\/987469272"}],"wp:attachment":[{"href":"https:\/\/bajotierra.com.mx\/bt\/wp-json\/wp\/v2\/media?parent=987469271"}],"curies":[{"name":"wp","href":"https:\/\/api.w.org\/{rel}","templated":true}]}}