{"id":987469295,"date":"2023-04-26T18:54:41","date_gmt":"2023-04-26T18:54:41","guid":{"rendered":"https:\/\/bajotierra.com.mx\/bt\/?page_id=987469295"},"modified":"2023-04-26T18:54:41","modified_gmt":"2023-04-26T18:54:41","slug":"el-arte-como-el-hambre-4-3","status":"publish","type":"page","link":"https:\/\/bajotierra.com.mx\/bt\/el-arte-como-el-hambre-4-3\/","title":{"rendered":"Si me preguntan"},"content":{"rendered":"<p><img loading=\"lazy\" class=\"alignnone wp-image-987469190\" src=\"https:\/\/bajotierra.com.mx\/bt\/wp-content\/uploads\/2023\/02\/museo-3.jpg\" alt=\"Poster museo del agua\" width=\"776\" height=\"437\" srcset=\"https:\/\/bajotierra.com.mx\/bt\/wp-content\/uploads\/2023\/02\/museo-3-980x551.jpg 980w, https:\/\/bajotierra.com.mx\/bt\/wp-content\/uploads\/2023\/02\/museo-3-480x270.jpg 480w\" sizes=\"(min-width: 0px) and (max-width: 480px) 480px, (min-width: 481px) and (max-width: 980px) 980px, 100vw\" \/><\/p>\n<h4><\/h4>\n<p class=\"has-luminous-vivid-orange-color has-text-color has-medium-font-size\">\u270fPor: Claudia Romero<\/p>\n<p>Que se nos acaba el agua. Que, al mismo tiempo, nos est\u00e1 inundando. Un tema de actualidad, que se mueve, de conflicto en conflicto, augurando una sentencia a corto plazo que combina vulnerabilidad, enfermedad y escasez. Mucho nos dicen, otro tanto vemos. \u00bfQu\u00e9 sabemos realmente de esta crisis que se refleja en el agua, en forma de sobre explotaci\u00f3n, acceso desigual y contaminaci\u00f3n?<span class=\"Apple-converted-space\">\u00a0 <\/span>\u00bfSuficiente para cambiar algo?<span class=\"Apple-converted-space\">\u00a0<\/span><\/p>\n<p>Muchas buenas voluntades est\u00e1n volteando a mirar la situaci\u00f3n del agua en Quer\u00e9taro con todas las ganas de \u201chacer algo\u201d. Sin embargo, nuestra capacidad de acci\u00f3n en muchos casos parece agotarse en el discurso rancio, que nos acompa\u00f1a desde los a\u00f1os 80, de que el problema se soluciona con \u201cahorrar\u201d. En la inquietud nos conducen mucho m\u00e1s los entendimientos a medias que la comprensi\u00f3n de la realidad.<\/p>\n<p>Si me preguntan, la crisis del agua tiene mucho menos que ver con \u201cracionalizar su uso\u201d que con entender amplia, integral y profundamente su naturaleza. Pongo sobre la mesa, a modo de ejemplo, estos cuatro puntos con los que trabajamos desde Bajo Tierra Museo.<span class=\"Apple-converted-space\">\u00a0<\/span><\/p>\n<p>Primero, el agua NO es la sustancia l\u00edquida que sale de mi grifo. El agua es el hilo conductor del entramado que hace que la vida suceda, conectando desde el lagrimal de mi ojo hasta la nube que miro.<span class=\"Apple-converted-space\">\u00a0<\/span><\/p>\n<p>Entender al agua como l\u00edquido de consumo que existe solo a trav\u00e9s de un tubo enceguece la conciencia de que vestimos, comemos y respiramos agua. Parece mentira que, como escuch\u00e9 esta semana decir a alguien, al recetarnos \u00abtomar agua\u00bb en una consulta m\u00e9dica nos tengan que explicar c\u00f3mo funciona m\u00e1s del 60% de nuestro acuoso cuerpo. La misma ceguera impide mirar -en los riegos de la crisis- m\u00e1s all\u00e1 de \u201cquedarse sin agua\u201d, las alteraciones de clima o del suelo que nos llevan directo a la insuficiencia alimentaria, emergencia clim\u00e1tica y activaci\u00f3n s\u00edsmica. En hacer visibles tales entramados se enfocan los seis cap\u00edtulos de la primera temporada del podcast \u201cAguas adentro\u201d, exhibido en la sala Ecos del territorio del museo.<span class=\"Apple-converted-space\">\u00a0<\/span><\/p>\n<p>Segundo, el agua es una. Superficial, subterr\u00e1nea, negras, grises, dom\u00e9sticas, industriales, agr\u00edcolas, federal, estatal, y dem\u00e1s denominaciones que dividen en tantos trozos lo que naturalmente permanece unido, escurriendo en el mismo suelo y la misma cuenca; son parte del imaginario que nos impide ver a la ciudad como la naturaleza que es. Una naturaleza alterada, donde los ritmos urbanos aceleran el geol\u00f3gico reduciendo su capacidad de recarga de reservas de agua y aumentando la frecuencia de inundaci\u00f3n. Tal recorrido es explorado en el mural Agua en la ciudad al interior de la sala Nuestros Saberes y la serie web Cortina de agua, recientemente estrenada, cuya producci\u00f3n dio origen al museo.<span class=\"Apple-converted-space\">\u00a0<\/span><\/p>\n<p>Tercero, las infraestructuras del agua son pista clave para entender la relaci\u00f3n alienada, utilitaria y depredadora detr\u00e1s de nuestra cultura del agua. \u00abYa no hay r\u00edo en la ciudad, bueno v\u00e1monos al de al lado\u00bb, no importa que desequilibremos ecosistemas, despojemos a comunidades rurales o que m\u00e1s del 40% del flujo que traemos se pierda en fugas en su paso por la ciudad. Antes \u201cbuscar nuevas fuentes\u201d que volver a captar lluvia o dejar de poner en inodoros con agua lo que naturalmente se descompone en la tierra. La selecci\u00f3n tecnol\u00f3gica de lo c\u00f3modo, lo r\u00e1pido y lo productivo en realidad tiene todo de pol\u00edtico e ideol\u00f3gico. Esto se aborda en la exposici\u00f3n fotogr\u00e1fica \u201cArtificios hidr\u00e1ulicos\u201d, pr\u00f3xima a inaugurarse en la selecci\u00f3n de narrativas visuales del museo.<span class=\"Apple-converted-space\">\u00a0<\/span><\/p>\n<p>Por \u00faltimo, cerrarle a la llave no resuelve la crisis. Cuidar el agua ayuda, pero si nuestra acci\u00f3n se agota en ello es absolutamente insuficiente.<span class=\"Apple-converted-space\">\u00a0 <\/span>La individualizaci\u00f3n del problema supone que \u00e9ste se acaba si \u201cdejamos de consumir\u201d, reforzando dos falacias que complican su comprensi\u00f3n: que el dom\u00e9stico sea la forma m\u00e1s alta de consumo y que el consumo sea la \u00fanica causal de escasez. Detr\u00e1s, quedan ocultas la contaminaci\u00f3n y urbanizaci\u00f3n, causas no solamente del desbalance h\u00eddrico, sino de la p\u00e9rdida de ecosistemas y alteraciones clim\u00e1ticas que tambi\u00e9n componen la crisis del agua.<\/p>\n<p>\u00bfQu\u00e9 sabemos realmente de ese entorno que queremos transformar? Hasta no conocer el territorio, en todas sus dimensiones, ninguna soluci\u00f3n ser\u00e1 efectiva. No podemos seguir naturalizando una falsa \u201cescasez natural e hist\u00f3rica\u201d en el semi desierto, durante siglos vergel paradisiaco, cuyas tierras a\u00fan hoy sostienen m\u00e1s y m\u00e1s campos de Golf. Lo que s\u00ed podemos y debemos es reconocer que la crisis actual es resultado de fallas profundas en un modelo de manejo de agua cuyas bases -incre\u00edble pero cierto- siguen dictando las proyecciones futuras. En ello indaga la micro serie documental Memorias del agua en Quer\u00e9taro, exhibida en la sala Memoria Viva del museo.<\/p>\n<p>\u00bfTe animas a recorrer el primer museo autogestivo del agua en Quer\u00e9taro?<\/p>\n<p class=\"has-vivid-cyan-blue-color has-text-color has-medium-font-size\">\ud83d\udca6 Contacto: bajotierramu@gmail.com<\/p>\n<p class=\"has-medium-font-size\">Visita el museo en:\u00a0<a href=\"http:\/\/bajotierra.com.mx\/recorrido\">bajotierra.com.mx\/recorrido<\/a><\/p>\n<p>&nbsp;<\/p>\n<h5>Originalmente publicado en:\u00a0<a href=\"https:\/\/asterianoticias.com\/datos-camara-accion\/\">asterianoticias<\/a><\/h5>\n","protected":false},"excerpt":{"rendered":"<p>\u270fPor: Claudia Romero Que se nos acaba el agua. Que, al mismo tiempo, nos est\u00e1 inundando. Un tema de actualidad, que se mueve, de conflicto en conflicto, augurando una sentencia a corto plazo que combina vulnerabilidad, enfermedad y escasez. Mucho nos dicen, otro tanto vemos. \u00bfQu\u00e9 sabemos realmente de esta crisis que se refleja en [&hellip;]<\/p>\n","protected":false},"author":1,"featured_media":0,"parent":0,"menu_order":0,"comment_status":"closed","ping_status":"closed","template":"","meta":{"_et_pb_use_builder":"","_et_pb_old_content":"","_et_gb_content_width":""},"_links":{"self":[{"href":"https:\/\/bajotierra.com.mx\/bt\/wp-json\/wp\/v2\/pages\/987469295"}],"collection":[{"href":"https:\/\/bajotierra.com.mx\/bt\/wp-json\/wp\/v2\/pages"}],"about":[{"href":"https:\/\/bajotierra.com.mx\/bt\/wp-json\/wp\/v2\/types\/page"}],"author":[{"embeddable":true,"href":"https:\/\/bajotierra.com.mx\/bt\/wp-json\/wp\/v2\/users\/1"}],"replies":[{"embeddable":true,"href":"https:\/\/bajotierra.com.mx\/bt\/wp-json\/wp\/v2\/comments?post=987469295"}],"version-history":[{"count":1,"href":"https:\/\/bajotierra.com.mx\/bt\/wp-json\/wp\/v2\/pages\/987469295\/revisions"}],"predecessor-version":[{"id":987469296,"href":"https:\/\/bajotierra.com.mx\/bt\/wp-json\/wp\/v2\/pages\/987469295\/revisions\/987469296"}],"wp:attachment":[{"href":"https:\/\/bajotierra.com.mx\/bt\/wp-json\/wp\/v2\/media?parent=987469295"}],"curies":[{"name":"wp","href":"https:\/\/api.w.org\/{rel}","templated":true}]}}