{"id":987469331,"date":"2023-05-01T15:59:53","date_gmt":"2023-05-01T15:59:53","guid":{"rendered":"https:\/\/bajotierra.com.mx\/bt\/?page_id=987469331"},"modified":"2023-05-01T15:59:53","modified_gmt":"2023-05-01T15:59:53","slug":"el-arte-como-el-hambre-3-2","status":"publish","type":"page","link":"https:\/\/bajotierra.com.mx\/bt\/el-arte-como-el-hambre-3-2\/","title":{"rendered":"Testimoniales Bajo Tierra"},"content":{"rendered":"<p><img loading=\"lazy\" class=\"alignnone wp-image-987469190\" src=\"https:\/\/bajotierra.com.mx\/bt\/wp-content\/uploads\/2023\/02\/museo-3.jpg\" alt=\"Poster museo del agua\" width=\"776\" height=\"437\" srcset=\"https:\/\/bajotierra.com.mx\/bt\/wp-content\/uploads\/2023\/02\/museo-3-980x551.jpg 980w, https:\/\/bajotierra.com.mx\/bt\/wp-content\/uploads\/2023\/02\/museo-3-480x270.jpg 480w\" sizes=\"(min-width: 0px) and (max-width: 480px) 480px, (min-width: 481px) and (max-width: 980px) 980px, 100vw\" \/><\/p>\n<p class=\"has-medium-font-size\"><span style=\"font-weight: 400;\">Bajo Tierra Museo es una plataforma colaborativa que busca poner el conocimiento y el arte al servicio de la acci\u00f3n social. Cada una de sus obras invita a conocer y habitar con sentido cr\u00edtico los espacios de vida, ya sean urbanos o periurbanos, de la ciudad de Quer\u00e9taro, as\u00ed como los ecosistemas con los que estos se relacionan. Detr\u00e1s de cada pieza est\u00e1 la intenci\u00f3n de mover paradigmas, brindar herramientas para el reconocimiento, la conservaci\u00f3n y el cuidado de nuestros territorios.<\/span><\/p>\n<p><img loading=\"lazy\" class=\"wp-image-987469332 alignright\" src=\"https:\/\/bajotierra.com.mx\/bt\/wp-content\/uploads\/2023\/05\/image1.png\" alt=\"\" width=\"245\" height=\"436\" \/><\/p>\n<p><b>Lidia Regina Monroy G\u00f3mez<\/b><\/p>\n<p><span style=\"font-weight: 400;\">Como estudiante de Relaciones Internacionales, colabor\u00e9 en la obra sobre la campa\u00f1a del<\/span><i><span style=\"font-weight: 400;\"> Relator Especial<\/span><\/i><span style=\"font-weight: 400;\"> sobre el derecho al agua, y aprend\u00ed sobre la participaci\u00f3n que pueden tener los actores internacionales para ayudar a la realizaci\u00f3n de un derecho a nivel local.\u00a0<\/span><\/p>\n<p><span style=\"font-weight: 400;\">Por otra parte, trabajar con un equipo compuesto de manera remota con personas (cuyas habilidades y conocimientos difieren de los m\u00edos) fue muy enriquecedor a la hora de realizar las piezas en las que trabajamos: desde la investigaci\u00f3n y la s\u00edntesis, hasta el dise\u00f1o y la presentaci\u00f3n.\u00a0<\/span><\/p>\n<p><span style=\"font-weight: 400;\">Me da mucha satisfacci\u00f3n pensar que hemos trabajado en un proyecto como este que puede llegar a ser \u00fatil para las personas all\u00e1 afuera que no necesariamente tienen una formaci\u00f3n en derechos humanos, pero que pueden llegar a ser defensores de estos, lo que significa un beneficio para el medio ambiente y la protecci\u00f3n de la vida en el futuro. Estoy segura de que si todos tuvi\u00e9ramos acceso a este tipo de informaci\u00f3n que ofrece el museo Bajo Tierra, podr\u00edamos convertirnos todos en defensores del agua.<\/span><\/p>\n<p><img loading=\"lazy\" class=\"wp-image-987469333 alignleft\" src=\"https:\/\/bajotierra.com.mx\/bt\/wp-content\/uploads\/2023\/05\/image2.png\" alt=\"\" width=\"633\" height=\"341\" srcset=\"https:\/\/bajotierra.com.mx\/bt\/wp-content\/uploads\/2023\/05\/image2-980x528.png 980w, https:\/\/bajotierra.com.mx\/bt\/wp-content\/uploads\/2023\/05\/image2-480x258.png 480w\" sizes=\"(min-width: 0px) and (max-width: 480px) 480px, (min-width: 481px) and (max-width: 980px) 980px, 100vw\" \/><\/p>\n<p>&nbsp;<\/p>\n<p><b>Jos\u00e9 Luis Banda\u00a0<\/b><\/p>\n<p><span style=\"font-weight: 400;\">Mi nombre es Jos\u00e9 Luis Banda, estudiante de 5\u00b0 semestre en la carrera de Ingenier\u00eda en Sistemas Computacionales. Fui colaborador del proyecto <\/span><i><span style=\"font-weight: 400;\">Museo Virtual Bajo Tierra<\/span><\/i><span style=\"font-weight: 400;\"> en el \u00e1rea de programaci\u00f3n.\u00a0<\/span><\/p>\n<p><span style=\"font-weight: 400;\">En esta \u00e1rea \u00e9ramos muy pocos programadores, por lo que tuve bastantes cosas que hacer en el tiempo que ayud\u00e9 en el proyecto. Cuando reci\u00e9n entr\u00e9, yo ten\u00eda un conocimiento muy b\u00e1sico sobre la forma de programar que ellos estaban usando, y a pesar de esto, me apoyaron y me ense\u00f1aron todo lo que deb\u00eda saber, fueron bastante pacientes conmigo y me ayudaron en todo lo que pudieran.\u00a0<\/span><\/p>\n<p><span style=\"font-weight: 400;\">El trabajar con ellos es algo que me ha gustado mucho, y me ha ayudado a crecer bastante en un \u00e1mbito personal y profesional, y les agradezco enormemente por todo lo que hicieron por mi.<\/span><\/p>\n<p>&nbsp;<\/p>\n<p><b>Mitchell Sol\u00eds Cort\u00e9s<\/b><\/p>\n<p><span style=\"font-weight: 400;\">Me gusta pensar que Bajo Tierra es un proyecto que me encontr\u00f3. Me da alegr\u00eda haber tenido la oportunidad de involucrarme en una causa tan importante para todos, en especial quienes habitamos en Quer\u00e9taro.\u00a0<\/span><\/p>\n<p><span style=\"font-weight: 400;\">Durante mi colaboraci\u00f3n, todo momento fue de aprendizaje valioso. Lo que m\u00e1s me aport\u00f3 fue trabajar el podcast \u201cAguas Adentro\u201d, recuerdo que ten\u00eda nervios porque comenc\u00e9 como me imagino que muchos nos encontramos: sin saber acerca del agua m\u00e1s all\u00e1 de lo que nos ense\u00f1an en la escuela (\u00a1aunque la utilizamos todos los d\u00edas!). Sin embargo, con el apoyo del museo y toda la informaci\u00f3n que me compartieron (que ustedes pueden conocer visitandolos), me fui adentrando en un mundo nuevo e interesante que me llev\u00f3 a tener una relaci\u00f3n distinta con el agua: de consciencia, de tomarla en cuenta, de reconocerla en todos los lugares donde se encuentra, hasta dentro y debajo de nosotros, de valorarla y de querer protegerla<\/span><\/p>\n<p><br style=\"font-weight: 400;\" \/><br style=\"font-weight: 400;\" \/><img loading=\"lazy\" class=\"wp-image-987469334 aligncenter\" src=\"https:\/\/bajotierra.com.mx\/bt\/wp-content\/uploads\/2023\/05\/image3.png\" alt=\"\" width=\"672\" height=\"378\" \/><\/p>\n<p><span style=\"font-weight: 400;\">Bajo Tierra no se explica sin los procesos que le dan vida, como el encuentro entre investigadores\/as, artistas y activistas que lo origin\u00f3. Luego la suma de voluntades que han ido nutriendo sus muros, sus obras, sus formas de acci\u00f3n y sus sentidos. A este museo popular ecol\u00f3gico y autogestivo, lo sostienen redes de cooperaci\u00f3n que se tejen todos los d\u00edas, que en el camino, esas relaciones van nutriendo este\u00a0espacio\u00a0creativo. Empezamos buscando difusi\u00f3n, pero poco a poco el saber divulgar se convirti\u00f3 en construir nuevos conocimientos. Hoy somos una plataforma de colaboraci\u00f3n y aprendizaje. Al interior, significa que la tarea se asigna, pero el trabajo da rumbo.\u00a0<\/span><\/p>\n<p><span style=\"font-weight: 400;\">Arrancamos el ciclo <\/span><i><span style=\"font-weight: 400;\">Mujeres en el territorio<\/span><\/i><span style=\"font-weight: 400;\"> porque lleg\u00f3 Ana.\u00a0 Hay murales porque Julia hizo el primero y perfiles a propuesta de Fernanda. As\u00ed, nos fuimos haciendo. Sobre la marcha vamos aprendiendo entre profesiones y generaciones. Importa mucho hacer visibles las experiencias detr\u00e1s de los resultados,\u00a0para entender que, en el fondo, este proyecto es un conjunto de manos y corazones uniendo talentos para un objetivo com\u00fan.<\/span><\/p>\n<p class=\"has-vivid-cyan-blue-color has-text-color has-medium-font-size\">\ud83d\udca6 Contacto: bajotierramu@gmail.com<\/p>\n<p class=\"has-medium-font-size\">Visita el museo en:\u00a0<a href=\"http:\/\/bajotierra.com.mx\/recorrido\">bajotierra.com.mx\/recorrido<\/a><\/p>\n<p>&nbsp;<\/p>\n<h5>Originalmente publicado en:\u00a0<a href=\"https:\/\/asterianoticias.com\/las-caras-de-la-justicia\/\">asterianoticias<\/a><\/h5>\n","protected":false},"excerpt":{"rendered":"<p>Bajo Tierra Museo es una plataforma colaborativa que busca poner el conocimiento y el arte al servicio de la acci\u00f3n social. Cada una de sus obras invita a conocer y habitar con sentido cr\u00edtico los espacios de vida, ya sean urbanos o periurbanos, de la ciudad de Quer\u00e9taro, as\u00ed como los ecosistemas con los que [&hellip;]<\/p>\n","protected":false},"author":1,"featured_media":0,"parent":0,"menu_order":0,"comment_status":"closed","ping_status":"closed","template":"","meta":{"_et_pb_use_builder":"","_et_pb_old_content":"","_et_gb_content_width":""},"_links":{"self":[{"href":"https:\/\/bajotierra.com.mx\/bt\/wp-json\/wp\/v2\/pages\/987469331"}],"collection":[{"href":"https:\/\/bajotierra.com.mx\/bt\/wp-json\/wp\/v2\/pages"}],"about":[{"href":"https:\/\/bajotierra.com.mx\/bt\/wp-json\/wp\/v2\/types\/page"}],"author":[{"embeddable":true,"href":"https:\/\/bajotierra.com.mx\/bt\/wp-json\/wp\/v2\/users\/1"}],"replies":[{"embeddable":true,"href":"https:\/\/bajotierra.com.mx\/bt\/wp-json\/wp\/v2\/comments?post=987469331"}],"version-history":[{"count":1,"href":"https:\/\/bajotierra.com.mx\/bt\/wp-json\/wp\/v2\/pages\/987469331\/revisions"}],"predecessor-version":[{"id":987469335,"href":"https:\/\/bajotierra.com.mx\/bt\/wp-json\/wp\/v2\/pages\/987469331\/revisions\/987469335"}],"wp:attachment":[{"href":"https:\/\/bajotierra.com.mx\/bt\/wp-json\/wp\/v2\/media?parent=987469331"}],"curies":[{"name":"wp","href":"https:\/\/api.w.org\/{rel}","templated":true}]}}